{"id":2345,"date":"2019-12-02T09:32:22","date_gmt":"2019-12-02T08:32:22","guid":{"rendered":"https:\/\/www.join4joy.eu\/il-progetto\/"},"modified":"2025-03-27T09:26:39","modified_gmt":"2025-03-27T08:26:39","slug":"il-progetto","status":"publish","type":"page","link":"https:\/\/www.join4joy.eu\/it\/il-progetto\/","title":{"rendered":"Il Progetto"},"content":{"rendered":"\t\t<div data-elementor-type=\"wp-page\" data-elementor-id=\"2345\" class=\"elementor elementor-2345 elementor-21\" data-elementor-settings=\"{&quot;element_pack_global_tooltip_width&quot;:{&quot;unit&quot;:&quot;px&quot;,&quot;size&quot;:&quot;&quot;,&quot;sizes&quot;:[]},&quot;element_pack_global_tooltip_width_tablet&quot;:{&quot;unit&quot;:&quot;px&quot;,&quot;size&quot;:&quot;&quot;,&quot;sizes&quot;:[]},&quot;element_pack_global_tooltip_width_mobile&quot;:{&quot;unit&quot;:&quot;px&quot;,&quot;size&quot;:&quot;&quot;,&quot;sizes&quot;:[]},&quot;element_pack_global_tooltip_padding&quot;:{&quot;unit&quot;:&quot;px&quot;,&quot;top&quot;:&quot;&quot;,&quot;right&quot;:&quot;&quot;,&quot;bottom&quot;:&quot;&quot;,&quot;left&quot;:&quot;&quot;,&quot;isLinked&quot;:true},&quot;element_pack_global_tooltip_padding_tablet&quot;:{&quot;unit&quot;:&quot;px&quot;,&quot;top&quot;:&quot;&quot;,&quot;right&quot;:&quot;&quot;,&quot;bottom&quot;:&quot;&quot;,&quot;left&quot;:&quot;&quot;,&quot;isLinked&quot;:true},&quot;element_pack_global_tooltip_padding_mobile&quot;:{&quot;unit&quot;:&quot;px&quot;,&quot;top&quot;:&quot;&quot;,&quot;right&quot;:&quot;&quot;,&quot;bottom&quot;:&quot;&quot;,&quot;left&quot;:&quot;&quot;,&quot;isLinked&quot;:true},&quot;element_pack_global_tooltip_border_radius&quot;:{&quot;unit&quot;:&quot;px&quot;,&quot;top&quot;:&quot;&quot;,&quot;right&quot;:&quot;&quot;,&quot;bottom&quot;:&quot;&quot;,&quot;left&quot;:&quot;&quot;,&quot;isLinked&quot;:true},&quot;element_pack_global_tooltip_border_radius_tablet&quot;:{&quot;unit&quot;:&quot;px&quot;,&quot;top&quot;:&quot;&quot;,&quot;right&quot;:&quot;&quot;,&quot;bottom&quot;:&quot;&quot;,&quot;left&quot;:&quot;&quot;,&quot;isLinked&quot;:true},&quot;element_pack_global_tooltip_border_radius_mobile&quot;:{&quot;unit&quot;:&quot;px&quot;,&quot;top&quot;:&quot;&quot;,&quot;right&quot;:&quot;&quot;,&quot;bottom&quot;:&quot;&quot;,&quot;left&quot;:&quot;&quot;,&quot;isLinked&quot;:true}}\" data-elementor-post-type=\"page\">\n\t\t\t\t\t\t<section class=\"elementor-section elementor-top-section elementor-element elementor-element-3b5371a elementor-section-boxed elementor-section-height-default elementor-section-height-default\" data-id=\"3b5371a\" data-element_type=\"section\" data-e-type=\"section\" data-settings=\"{&quot;background_background&quot;:&quot;classic&quot;}\">\n\t\t\t\t\t\t<div class=\"elementor-container elementor-column-gap-no\">\n\t\t\t\t\t<div class=\"elementor-column elementor-col-100 elementor-top-column elementor-element elementor-element-7c88122\" data-id=\"7c88122\" data-element_type=\"column\" data-e-type=\"column\" data-settings=\"{&quot;background_background&quot;:&quot;classic&quot;}\">\n\t\t\t<div class=\"elementor-widget-wrap elementor-element-populated\">\n\t\t\t\t\t\t\t<\/div>\n\t\t<\/div>\n\t\t\t\t\t<\/div>\n\t\t<\/section>\n\t\t\t\t<section class=\"elementor-section elementor-top-section elementor-element elementor-element-2f21aff elementor-section-boxed elementor-section-height-default elementor-section-height-default\" data-id=\"2f21aff\" data-element_type=\"section\" data-e-type=\"section\" data-settings=\"{&quot;background_background&quot;:&quot;classic&quot;,&quot;shape_divider_top&quot;:&quot;book&quot;}\">\n\t\t\t\t\t<div class=\"elementor-shape elementor-shape-top\" aria-hidden=\"true\" data-negative=\"false\">\n\t\t\t<svg xmlns=\"http:\/\/www.w3.org\/2000\/svg\" viewBox=\"0 0 1000 100\" preserveAspectRatio=\"none\">\n\t<path class=\"elementor-shape-fill\" d=\"M194,99c186.7,0.7,305-78.3,306-97.2c1,18.9,119.3,97.9,306,97.2c114.3-0.3,194,0.3,194,0.3s0-91.7,0-100c0,0,0,0,0-0 L0,0v99.3C0,99.3,79.7,98.7,194,99z\"\/>\n<\/svg>\t\t<\/div>\n\t\t\t\t\t<div class=\"elementor-container elementor-column-gap-default\">\n\t\t\t\t\t<div class=\"elementor-column elementor-col-100 elementor-top-column elementor-element elementor-element-d8d0804\" data-id=\"d8d0804\" data-element_type=\"column\" data-e-type=\"column\">\n\t\t\t<div class=\"elementor-widget-wrap elementor-element-populated\">\n\t\t\t\t\t\t<div class=\"elementor-element elementor-element-8a3260f elementor-widget elementor-widget-text-editor\" data-id=\"8a3260f\" data-element_type=\"widget\" data-e-type=\"widget\" data-widget_type=\"text-editor.default\">\n\t\t\t\t<div class=\"elementor-widget-container\">\n\t\t\t\t\t\t\t\t\t<p>Il progetto <strong>JOIN4JOY<\/strong> si rivolge alla popolazione pi\u00f9 anziana con minori opportunit\u00e0 di aderire a programmi di attivit\u00e0 fisica (AF) adattando tali programmi alle loro esigenze. Attraverso una strategia completa e basata sul divertimento, cerchiamo di superare le barriere e di garantire un accesso equo all&#8217;esercizio fisico, migliorando in ultima analisi la qualit\u00e0 della vita da una prospettiva biopsicosociale e inclusiva. <\/p>\n<p><strong>A chi si rivolge JOIN4JOY?<\/strong><\/p>\n<ul>\n<li><strong>Intervento<\/strong>: persone anziane (65+) che vivono in strutture di assistenza a lungo termine (<em>Join4Joy-NH<\/em>) con disabilit\u00e0 e problemi di salute cronici e persone anziane che vivono in comunit\u00e0 (<em>Join4Joy-Comm<\/em>) con bassi livelli socio-economici e\/o altre barriere sociali (necessit\u00e0 di assistenza, appartenenza a minoranze etniche o invalidit\u00e0 funzionali;<\/li>\n<li><strong>Formazione<\/strong>: professionisti della salute e dell\u2019esercizio fisico che lavorano con gli anziani in strutture di comunit\u00e0 e in strutture di lunga degenza e studenti.<\/li>\n<\/ul>\n<p><strong>Strategia e attivit\u00e0<\/strong><\/p>\n<p>Il progetto \u00e8 stato attuato in diverse fasi per garantirne l&#8217;impatto e la sostenibilit\u00e0:<\/p>\n<ul>\n<li><strong>Co-creazione<\/strong>: Un processo collaborativo che ha coinvolto anziani, professionisti, caregiver informali, ricercatori e studenti per progettare un programma su misura per le loro esigenze.<\/li>\n<li><strong>Formazione iniziale<\/strong>: Tutti i facilitatori e gli studenti sono stati formati all&#8217;approccio Join4Joy per favorire interventi pi\u00f9 personalizzati, inclusivi e divertenti.<\/li>\n<li><strong>Studi pilota 1 e 2<\/strong>: l&#8217;approccio Join4Joy \u00e8 stato testato in diversi contesti europei, integrando i principali insegnamenti e adattandoli ai contesti locali. I progetti pilota miravano a valutare la fattibilit\u00e0 e sono stati valutati con un approccio misto, che comprendeva analisi quantitative e qualitative. Per saperne di pi\u00f9 sul <a href=\"https:\/\/bmjopen.bmj.com\/content\/14\/7\/e083291\">protocollo metodologico del progetto Join4Joy<\/a>.  <\/li>\n<li><strong>Formazione a cascata<\/strong>: Come risultato del processo di co-creazione e delle evidenze scientifiche, il progetto offre il <strong>Join4Joy Educational Training<\/strong>, un corso online gratuito. Qualsiasi professionista o studente interessato all&#8217;invecchiamento attivo pu\u00f2 richiedere l&#8217;accesso. <strong>Durata del corso<\/strong>: 2 ore, suddivise in brevi moduli di 5-10 minuti. Cliccare sul link per maggiori informazioni.  <\/li>\n<li><strong>Comunit\u00e0 virtuali di pratica (VCoP)<\/strong>: Spazi digitali in cui professionisti, studenti e partecipanti possono condividere conoscenze ed esperienze.<\/li>\n<\/ul>\n<p>L&#8217;impatto del progetto sar\u00e0 valutato a livello europeo per garantirne la replicabilit\u00e0 e la scalabilit\u00e0, promuovendo una maggiore equit\u00e0 nell&#8217;accesso all&#8217;attivit\u00e0 fisica per gli adulti pi\u00f9 anziani.<\/p>\n\t\t\t\t\t\t\t\t<\/div>\n\t\t\t\t<\/div>\n\t\t\t\t\t<\/div>\n\t\t<\/div>\n\t\t\t\t\t<\/div>\n\t\t<\/section>\n\t\t\t\t<\/div>\n\t\t","protected":false},"excerpt":{"rendered":"<p>Il progetto JOIN4JOY si rivolge alla popolazione pi\u00f9 anziana con minori opportunit\u00e0 di aderire a programmi di attivit\u00e0 fisica (AF) adattando tali programmi alle loro esigenze. Attraverso una strategia completa e basata sul divertimento, cerchiamo di superare le barriere e di garantire un accesso equo all&#8217;esercizio fisico, migliorando in ultima analisi la qualit\u00e0 della vita [&hellip;]<\/p>\n","protected":false},"author":4,"featured_media":0,"parent":0,"menu_order":0,"comment_status":"closed","ping_status":"closed","template":"","meta":{"_monsterinsights_skip_tracking":false,"_monsterinsights_sitenote_active":false,"_monsterinsights_sitenote_note":"","_monsterinsights_sitenote_category":0,"footnotes":""},"class_list":["post-2345","page","type-page","status-publish","hentry"],"_links":{"self":[{"href":"https:\/\/www.join4joy.eu\/it\/wp-json\/wp\/v2\/pages\/2345","targetHints":{"allow":["GET"]}}],"collection":[{"href":"https:\/\/www.join4joy.eu\/it\/wp-json\/wp\/v2\/pages"}],"about":[{"href":"https:\/\/www.join4joy.eu\/it\/wp-json\/wp\/v2\/types\/page"}],"author":[{"embeddable":true,"href":"https:\/\/www.join4joy.eu\/it\/wp-json\/wp\/v2\/users\/4"}],"replies":[{"embeddable":true,"href":"https:\/\/www.join4joy.eu\/it\/wp-json\/wp\/v2\/comments?post=2345"}],"version-history":[{"count":7,"href":"https:\/\/www.join4joy.eu\/it\/wp-json\/wp\/v2\/pages\/2345\/revisions"}],"predecessor-version":[{"id":3465,"href":"https:\/\/www.join4joy.eu\/it\/wp-json\/wp\/v2\/pages\/2345\/revisions\/3465"}],"wp:attachment":[{"href":"https:\/\/www.join4joy.eu\/it\/wp-json\/wp\/v2\/media?parent=2345"}],"curies":[{"name":"wp","href":"https:\/\/api.w.org\/{rel}","templated":true}]}}