{"id":2341,"date":"2022-11-29T10:42:11","date_gmt":"2022-11-29T09:42:11","guid":{"rendered":"https:\/\/www.join4joy.eu\/background\/"},"modified":"2023-06-22T20:43:13","modified_gmt":"2023-06-22T19:43:13","slug":"background","status":"publish","type":"page","link":"https:\/\/www.join4joy.eu\/it\/background\/","title":{"rendered":"Background"},"content":{"rendered":"\t\t<div data-elementor-type=\"wp-page\" data-elementor-id=\"2341\" class=\"elementor elementor-2341 elementor-1852\" data-elementor-settings=\"{&quot;element_pack_global_tooltip_width&quot;:{&quot;unit&quot;:&quot;px&quot;,&quot;size&quot;:&quot;&quot;,&quot;sizes&quot;:[]},&quot;element_pack_global_tooltip_width_tablet&quot;:{&quot;unit&quot;:&quot;px&quot;,&quot;size&quot;:&quot;&quot;,&quot;sizes&quot;:[]},&quot;element_pack_global_tooltip_width_mobile&quot;:{&quot;unit&quot;:&quot;px&quot;,&quot;size&quot;:&quot;&quot;,&quot;sizes&quot;:[]},&quot;element_pack_global_tooltip_padding&quot;:{&quot;unit&quot;:&quot;px&quot;,&quot;top&quot;:&quot;&quot;,&quot;right&quot;:&quot;&quot;,&quot;bottom&quot;:&quot;&quot;,&quot;left&quot;:&quot;&quot;,&quot;isLinked&quot;:true},&quot;element_pack_global_tooltip_padding_tablet&quot;:{&quot;unit&quot;:&quot;px&quot;,&quot;top&quot;:&quot;&quot;,&quot;right&quot;:&quot;&quot;,&quot;bottom&quot;:&quot;&quot;,&quot;left&quot;:&quot;&quot;,&quot;isLinked&quot;:true},&quot;element_pack_global_tooltip_padding_mobile&quot;:{&quot;unit&quot;:&quot;px&quot;,&quot;top&quot;:&quot;&quot;,&quot;right&quot;:&quot;&quot;,&quot;bottom&quot;:&quot;&quot;,&quot;left&quot;:&quot;&quot;,&quot;isLinked&quot;:true},&quot;element_pack_global_tooltip_border_radius&quot;:{&quot;unit&quot;:&quot;px&quot;,&quot;top&quot;:&quot;&quot;,&quot;right&quot;:&quot;&quot;,&quot;bottom&quot;:&quot;&quot;,&quot;left&quot;:&quot;&quot;,&quot;isLinked&quot;:true},&quot;element_pack_global_tooltip_border_radius_tablet&quot;:{&quot;unit&quot;:&quot;px&quot;,&quot;top&quot;:&quot;&quot;,&quot;right&quot;:&quot;&quot;,&quot;bottom&quot;:&quot;&quot;,&quot;left&quot;:&quot;&quot;,&quot;isLinked&quot;:true},&quot;element_pack_global_tooltip_border_radius_mobile&quot;:{&quot;unit&quot;:&quot;px&quot;,&quot;top&quot;:&quot;&quot;,&quot;right&quot;:&quot;&quot;,&quot;bottom&quot;:&quot;&quot;,&quot;left&quot;:&quot;&quot;,&quot;isLinked&quot;:true}}\" data-elementor-post-type=\"page\">\n\t\t\t\t\t\t<section class=\"elementor-section elementor-top-section elementor-element elementor-element-48fa36d elementor-section-boxed elementor-section-height-default elementor-section-height-default\" data-id=\"48fa36d\" data-element_type=\"section\" data-e-type=\"section\" data-settings=\"{&quot;background_background&quot;:&quot;classic&quot;}\">\n\t\t\t\t\t\t<div class=\"elementor-container elementor-column-gap-no\">\n\t\t\t\t\t<div class=\"elementor-column elementor-col-100 elementor-top-column elementor-element elementor-element-a81f60b\" data-id=\"a81f60b\" data-element_type=\"column\" data-e-type=\"column\" data-settings=\"{&quot;background_background&quot;:&quot;classic&quot;}\">\n\t\t\t<div class=\"elementor-widget-wrap elementor-element-populated\">\n\t\t\t\t\t\t\t<\/div>\n\t\t<\/div>\n\t\t\t\t\t<\/div>\n\t\t<\/section>\n\t\t\t\t<section class=\"elementor-section elementor-top-section elementor-element elementor-element-ebd3040 elementor-section-boxed elementor-section-height-default elementor-section-height-default\" data-id=\"ebd3040\" data-element_type=\"section\" data-e-type=\"section\" data-settings=\"{&quot;background_background&quot;:&quot;classic&quot;,&quot;shape_divider_top&quot;:&quot;book&quot;}\">\n\t\t\t\t\t<div class=\"elementor-shape elementor-shape-top\" aria-hidden=\"true\" data-negative=\"false\">\n\t\t\t<svg xmlns=\"http:\/\/www.w3.org\/2000\/svg\" viewBox=\"0 0 1000 100\" preserveAspectRatio=\"none\">\n\t<path class=\"elementor-shape-fill\" d=\"M194,99c186.7,0.7,305-78.3,306-97.2c1,18.9,119.3,97.9,306,97.2c114.3-0.3,194,0.3,194,0.3s0-91.7,0-100c0,0,0,0,0-0 L0,0v99.3C0,99.3,79.7,98.7,194,99z\"\/>\n<\/svg>\t\t<\/div>\n\t\t\t\t\t<div class=\"elementor-container elementor-column-gap-default\">\n\t\t\t\t\t<div class=\"elementor-column elementor-col-100 elementor-top-column elementor-element elementor-element-d43adff\" data-id=\"d43adff\" data-element_type=\"column\" data-e-type=\"column\">\n\t\t\t<div class=\"elementor-widget-wrap elementor-element-populated\">\n\t\t\t\t\t\t<div class=\"elementor-element elementor-element-e9945c2 elementor-widget elementor-widget-text-editor\" data-id=\"e9945c2\" data-element_type=\"widget\" data-e-type=\"widget\" data-widget_type=\"text-editor.default\">\n\t\t\t\t<div class=\"elementor-widget-container\">\n\t\t\t\t\t\t\t\t\t<p>Nel 2020, <strong>il 19% della popolazione dell&#8217;UE aveva un&#8217;et\u00e0 pari o superiore a 65 anni (Eurostat, 2020).<\/strong> La piramide demografica del 2100 prevede una societ\u00e0 in contrazione e sempre pi\u00f9 vecchia: ci saranno pi\u00f9 persone di et\u00e0 superiore agli 80 anni che persone di et\u00e0 inferiore ai 20 anni. L\u2019invecchiamento della popolazione \u00e8 tipicamente accompagnato da un aumento del rischio di declino fisico e cognitivo e dal carico delle malattie non trasmissibili e comorbidit\u00e0. (Kirkland, 2013).<\/p>\n<p>Come conseguenza, la pressione sul sistema sanitario aumenta. Le malattie croniche impongono alla popolazione anziana un peso elevato in termini di salute e economico a causa proprio della lunga durata di queste malattie, della diminuzione della qualit\u00e0 della vita e dei costi per le cure. Si rende quindi necessaria un&#8217;attenta pianificazione di programmi preventivi e sostenibili.<\/p>\n<p><strong>L&#8217;attivit\u00e0 fisica (AF)<\/strong> \u00e8 considerata uno dei pi\u00f9 potenti trattamenti non farmacologici per le malattie non trasmissibili (Santanasto, 2018) e a livelli pi\u00f9 elevati di AF sono associati a migliori prospettive di un invecchiamento sano (Daskalopoulou, 2017).<\/p>\n<p>Tuttavia, la popolazione anziana risulta la meno attiva, con solo l&#8217;11% circa che soddisfa le attuali raccomandazioni di pratica dell\u2019AF (Gomes, 2017). Oggi per\u00f2 le pi\u00f9 recenti raccomandazioni non considerano il limite minimo dei 10 minuti consecutivi e il movimento fisico \u00e8 considerato utile per la salute anche se praticato per brevi sessioni, con l\u2019obiettivo di contrastare la completa sedentariet\u00e0 (McPhee, 2016; Powell, 2011; Healy, 2008).<\/p>\n<p><strong>Il comportamento sedentario (CS)<\/strong> &#8211; definito come qualsiasi attivit\u00e0 come sdraiarsi o sedersi caratterizzata da un dispendio energetico &lt; a 1,5 METS (Tremblay, 2017) &#8211; risulta essere uno dei principali fattori di rischio per l\u2019insorgenza e il peggioramento di malattie croniche come obesit\u00e0, ipertensione, malattie coronariche e tumorali, nonch\u00e9 ridotta mobilit\u00e0 e interazioni sociali (Copeland, Ashe, Biddle, et al, 2017). <\/p>\n<p>Nell&#8217;Europa occidentale nel 2015, la mancanza di AF \u00e8 stato il quarto principale fattore di rischio di mortalit\u00e0, portando a circa 3 milioni di morti (Kahlmeier, 2015). Il CS \u00e8 aumentato notevolmente negli ultimi tre decenni ed \u00e8 costantemente riportato che aumenta con l&#8217;et\u00e0 (Van Ballegooijen, 2019).<\/p>\n<p>I programmi di AF e di esercizi sono spesso organizzati in gruppo e rappresentano un\u2019ottima opportunit\u00e0 per i partecipanti di avere interazioni sociali, stabilire relazioni di supporto ed essere socialmente integrati.<\/p>\n<p>Inoltre, l\u2019AF migliora il benessere psicologico ed emotivo portando a benefici diretti per la salute basati sul cosiddetto \u201ceffetto benessere dell&#8217;esercizio\u201d identificato in letteratura (Hyde, 2011).<\/p>\n<p>Secondo la teoria ampliata e costruita delle emozioni positive, forme di AF basate sul divertimento generano felicit\u00e0 e portano emozioni positive, che a loro volta potrebbero essere associate alla riduzione della solitudine (Newall, 2013).<\/p>\n<p>Despite growing evidence that enjoyment may be a key element for adherence and maintenance of PA programs, such component has been seldom the focus of PA programmes targeting older adults. Since the content of the programmes has been determined by the focus on the functional benefits of PA to prevent age-related disability. <\/p>\n<p>Scarsa AF e il comportamento sedentario tra gli anziani sono connessi a fattori sociali, culturali, economici, nonch\u00e9 a barriere legate a disabilit\u00e0, problemi di salute e discriminazione. Nello specifico, le donne anziane, le persone con basso livello socio-economico, gli anziani appartenenti a minoranze etniche sono tra coloro che hanno minori opportunit\u00e0 di accedere ai programmi di AF e raramente sono stati un target specifico di tali programmi.<\/p>\n<p>Differenze specifiche sono anche riportate in base al \u201cgenere\u201d, laddove le donne in Europa sono fisicamente meno attive degli uomini (Van Tuyckom et al. 2012; Van Tuyckom e Scheerder, 2010; Hovermann e Wicker, 2009; Hartmann-Tews, 2006; Van Bottenburg et al. 2005 ; R\u00fctten e Abdu-Omar, 2004).<\/p>\n\t\t\t\t\t\t\t\t<\/div>\n\t\t\t\t<\/div>\n\t\t\t\t\t<\/div>\n\t\t<\/div>\n\t\t\t\t\t<\/div>\n\t\t<\/section>\n\t\t\t\t<\/div>\n\t\t","protected":false},"excerpt":{"rendered":"<p>Nel 2020, il 19% della popolazione dell&#8217;UE aveva un&#8217;et\u00e0 pari o superiore a 65 anni (Eurostat, 2020). La piramide demografica del 2100 prevede una societ\u00e0 in contrazione e sempre pi\u00f9 vecchia: ci saranno pi\u00f9 persone di et\u00e0 superiore agli 80 anni che persone di et\u00e0 inferiore ai 20 anni. L\u2019invecchiamento della popolazione \u00e8 tipicamente accompagnato [&hellip;]<\/p>\n","protected":false},"author":4,"featured_media":0,"parent":0,"menu_order":0,"comment_status":"closed","ping_status":"closed","template":"","meta":{"_monsterinsights_skip_tracking":false,"_monsterinsights_sitenote_active":false,"_monsterinsights_sitenote_note":"","_monsterinsights_sitenote_category":0,"footnotes":""},"class_list":["post-2341","page","type-page","status-publish","hentry"],"_links":{"self":[{"href":"https:\/\/www.join4joy.eu\/it\/wp-json\/wp\/v2\/pages\/2341","targetHints":{"allow":["GET"]}}],"collection":[{"href":"https:\/\/www.join4joy.eu\/it\/wp-json\/wp\/v2\/pages"}],"about":[{"href":"https:\/\/www.join4joy.eu\/it\/wp-json\/wp\/v2\/types\/page"}],"author":[{"embeddable":true,"href":"https:\/\/www.join4joy.eu\/it\/wp-json\/wp\/v2\/users\/4"}],"replies":[{"embeddable":true,"href":"https:\/\/www.join4joy.eu\/it\/wp-json\/wp\/v2\/comments?post=2341"}],"version-history":[{"count":4,"href":"https:\/\/www.join4joy.eu\/it\/wp-json\/wp\/v2\/pages\/2341\/revisions"}],"predecessor-version":[{"id":2379,"href":"https:\/\/www.join4joy.eu\/it\/wp-json\/wp\/v2\/pages\/2341\/revisions\/2379"}],"wp:attachment":[{"href":"https:\/\/www.join4joy.eu\/it\/wp-json\/wp\/v2\/media?parent=2341"}],"curies":[{"name":"wp","href":"https:\/\/api.w.org\/{rel}","templated":true}]}}