{"id":2331,"date":"2019-12-02T09:32:22","date_gmt":"2019-12-02T08:32:22","guid":{"rendered":"https:\/\/www.join4joy.eu\/le-projet\/"},"modified":"2025-03-27T09:09:47","modified_gmt":"2025-03-27T08:09:47","slug":"le-projet","status":"publish","type":"page","link":"https:\/\/www.join4joy.eu\/fr\/le-projet\/","title":{"rendered":"Le projet"},"content":{"rendered":"\t\t<div data-elementor-type=\"wp-page\" data-elementor-id=\"2331\" class=\"elementor elementor-2331 elementor-21\" data-elementor-settings=\"{&quot;element_pack_global_tooltip_width&quot;:{&quot;unit&quot;:&quot;px&quot;,&quot;size&quot;:&quot;&quot;,&quot;sizes&quot;:[]},&quot;element_pack_global_tooltip_width_tablet&quot;:{&quot;unit&quot;:&quot;px&quot;,&quot;size&quot;:&quot;&quot;,&quot;sizes&quot;:[]},&quot;element_pack_global_tooltip_width_mobile&quot;:{&quot;unit&quot;:&quot;px&quot;,&quot;size&quot;:&quot;&quot;,&quot;sizes&quot;:[]},&quot;element_pack_global_tooltip_padding&quot;:{&quot;unit&quot;:&quot;px&quot;,&quot;top&quot;:&quot;&quot;,&quot;right&quot;:&quot;&quot;,&quot;bottom&quot;:&quot;&quot;,&quot;left&quot;:&quot;&quot;,&quot;isLinked&quot;:true},&quot;element_pack_global_tooltip_padding_tablet&quot;:{&quot;unit&quot;:&quot;px&quot;,&quot;top&quot;:&quot;&quot;,&quot;right&quot;:&quot;&quot;,&quot;bottom&quot;:&quot;&quot;,&quot;left&quot;:&quot;&quot;,&quot;isLinked&quot;:true},&quot;element_pack_global_tooltip_padding_mobile&quot;:{&quot;unit&quot;:&quot;px&quot;,&quot;top&quot;:&quot;&quot;,&quot;right&quot;:&quot;&quot;,&quot;bottom&quot;:&quot;&quot;,&quot;left&quot;:&quot;&quot;,&quot;isLinked&quot;:true},&quot;element_pack_global_tooltip_border_radius&quot;:{&quot;unit&quot;:&quot;px&quot;,&quot;top&quot;:&quot;&quot;,&quot;right&quot;:&quot;&quot;,&quot;bottom&quot;:&quot;&quot;,&quot;left&quot;:&quot;&quot;,&quot;isLinked&quot;:true},&quot;element_pack_global_tooltip_border_radius_tablet&quot;:{&quot;unit&quot;:&quot;px&quot;,&quot;top&quot;:&quot;&quot;,&quot;right&quot;:&quot;&quot;,&quot;bottom&quot;:&quot;&quot;,&quot;left&quot;:&quot;&quot;,&quot;isLinked&quot;:true},&quot;element_pack_global_tooltip_border_radius_mobile&quot;:{&quot;unit&quot;:&quot;px&quot;,&quot;top&quot;:&quot;&quot;,&quot;right&quot;:&quot;&quot;,&quot;bottom&quot;:&quot;&quot;,&quot;left&quot;:&quot;&quot;,&quot;isLinked&quot;:true}}\" data-elementor-post-type=\"page\">\n\t\t\t\t\t\t<section class=\"elementor-section elementor-top-section elementor-element elementor-element-3b5371a elementor-section-boxed elementor-section-height-default elementor-section-height-default\" data-id=\"3b5371a\" data-element_type=\"section\" data-e-type=\"section\" data-settings=\"{&quot;background_background&quot;:&quot;classic&quot;}\">\n\t\t\t\t\t\t<div class=\"elementor-container elementor-column-gap-no\">\n\t\t\t\t\t<div class=\"elementor-column elementor-col-100 elementor-top-column elementor-element elementor-element-7c88122\" data-id=\"7c88122\" data-element_type=\"column\" data-e-type=\"column\" data-settings=\"{&quot;background_background&quot;:&quot;classic&quot;}\">\n\t\t\t<div class=\"elementor-widget-wrap elementor-element-populated\">\n\t\t\t\t\t\t\t<\/div>\n\t\t<\/div>\n\t\t\t\t\t<\/div>\n\t\t<\/section>\n\t\t\t\t<section class=\"elementor-section elementor-top-section elementor-element elementor-element-2f21aff elementor-section-boxed elementor-section-height-default elementor-section-height-default\" data-id=\"2f21aff\" data-element_type=\"section\" data-e-type=\"section\" data-settings=\"{&quot;background_background&quot;:&quot;classic&quot;,&quot;shape_divider_top&quot;:&quot;book&quot;}\">\n\t\t\t\t\t<div class=\"elementor-shape elementor-shape-top\" aria-hidden=\"true\" data-negative=\"false\">\n\t\t\t<svg xmlns=\"http:\/\/www.w3.org\/2000\/svg\" viewBox=\"0 0 1000 100\" preserveAspectRatio=\"none\">\n\t<path class=\"elementor-shape-fill\" d=\"M194,99c186.7,0.7,305-78.3,306-97.2c1,18.9,119.3,97.9,306,97.2c114.3-0.3,194,0.3,194,0.3s0-91.7,0-100c0,0,0,0,0-0 L0,0v99.3C0,99.3,79.7,98.7,194,99z\"\/>\n<\/svg>\t\t<\/div>\n\t\t\t\t\t<div class=\"elementor-container elementor-column-gap-default\">\n\t\t\t\t\t<div class=\"elementor-column elementor-col-100 elementor-top-column elementor-element elementor-element-d8d0804\" data-id=\"d8d0804\" data-element_type=\"column\" data-e-type=\"column\">\n\t\t\t<div class=\"elementor-widget-wrap elementor-element-populated\">\n\t\t\t\t\t\t<div class=\"elementor-element elementor-element-8a3260f elementor-widget elementor-widget-text-editor\" data-id=\"8a3260f\" data-element_type=\"widget\" data-e-type=\"widget\" data-widget_type=\"text-editor.default\">\n\t\t\t\t<div class=\"elementor-widget-container\">\n\t\t\t\t\t\t\t\t\t<p>Le projet <strong>JOIN4JOY<\/strong> vise \u00e0 promouvoir l&rsquo;activit\u00e9 physique (AP) chez les personnes \u00e2g\u00e9es ayant moins d&rsquo;opportunit\u00e9s de participer en adaptant les programmes \u00e0 leurs besoins sp\u00e9cifiques. Gr\u00e2ce \u00e0 une strat\u00e9gie globale bas\u00e9e sur le plaisir, nous cherchons \u00e0 surmonter les obstacles et \u00e0 garantir un acc\u00e8s \u00e9quitable \u00e0 l&rsquo;exercice, afin d&rsquo;am\u00e9liorer leur qualit\u00e9 de vie d&rsquo;un point de vue biopsychosocial et inclusif. <\/p>\n<p><strong>\u00c0 qui s&rsquo;adresse JOIN4JOY ?<\/strong><\/p>\n<ul>\n<li><strong>L&rsquo;intervention<\/strong>: Les personnes \u00e2g\u00e9es (65 ans et plus) vivant dans la communaut\u00e9 et ayant des difficult\u00e9s socio-\u00e9conomiques ou sociales (<em>Join4Joy-Comm<\/em>) et celles r\u00e9sidant dans des maisons de retraite (<em>Join4Joy-NH<\/em>).<\/li>\n<li><strong>\u00c9ducation<\/strong>: Professionnels de la sant\u00e9 et de l&rsquo;exercice physique, ainsi que les \u00e9tudiants en formation dans ces domaines.<\/li>\n<\/ul>\n<p><strong>Strat\u00e9gie et activit\u00e9s<\/strong><\/p>\n<p>Le projet a \u00e9t\u00e9 mis en \u0153uvre en diff\u00e9rentes phases afin de garantir son impact et sa durabilit\u00e9:<\/p>\n<ul>\n<li><strong>Co-cr\u00e9ation<\/strong>: Un processus de collaboration impliquant des personnes \u00e2g\u00e9es, des professionnels, des aidants naturels, des chercheurs et des \u00e9tudiants pour concevoir un programme adapt\u00e9 \u00e0 leurs besoins.<\/li>\n<li><strong>Formation initiale<\/strong>: Tous les animateurs et les \u00e9tudiants assistants ont \u00e9t\u00e9 form\u00e9s \u00e0 l&rsquo;approche Join4Joy afin de favoriser des interventions plus individualis\u00e9es, plus inclusives et plus agr\u00e9ables.<\/li>\n<li><strong>\u00c9tudes pilotes 1 &amp; 2<\/strong>: L&rsquo;approche Join4Joy a \u00e9t\u00e9 test\u00e9e dans diff\u00e9rents contextes europ\u00e9ens, en int\u00e9grant les principaux enseignements et en les adaptant aux contextes locaux. Les \u00e9tudes pilotes visaient \u00e0 \u00e9valuer la faisabilit\u00e9 et ont \u00e9t\u00e9 \u00e9valu\u00e9es \u00e0 l&rsquo;aide d&rsquo;une approche mixte, comprenant des analyses quantitatives et qualitatives. En savoir plus sur le <a href=\"https:\/\/bmjopen.bmj.com\/content\/14\/7\/e083291\">protocole m\u00e9thodologique du projet Join4Joy<\/a>.  <\/li>\n<li><strong>Formation en cascade<\/strong>: \u00c0 la suite du processus de co-cr\u00e9ation et des preuves scientifiques, le projet propose la <strong>formation \u00e9ducative Join4Joy<\/strong>, un cours en ligne gratuit. Tout professionnel ou \u00e9tudiant int\u00e9ress\u00e9 par le vieillissement actif peut en demander l&rsquo;acc\u00e8s. <strong>Dur\u00e9e du cours<\/strong> : 2 heures, divis\u00e9es en modules courts de 5 \u00e0 10 minutes. Cliquez sur le lien pour plus d&rsquo;informations.  <\/li>\n<li><strong>Communaut\u00e9s de pratique virtuelles (VCoP)<\/strong> : Espaces num\u00e9riques o\u00f9 les professionnels, les \u00e9tudiants et les participants peuvent partager leurs connaissances et leurs exp\u00e9riences.<\/li>\n<\/ul>\n<p>L&rsquo;impact du projet sera \u00e9valu\u00e9 au niveau europ\u00e9en afin de garantir sa reproductibilit\u00e9 et son \u00e9volutivit\u00e9, et de promouvoir une plus grande \u00e9quit\u00e9 dans l&rsquo;acc\u00e8s \u00e0 l&rsquo;activit\u00e9 physique pour les personnes \u00e2g\u00e9es.<\/p>\n\t\t\t\t\t\t\t\t<\/div>\n\t\t\t\t<\/div>\n\t\t\t\t\t<\/div>\n\t\t<\/div>\n\t\t\t\t\t<\/div>\n\t\t<\/section>\n\t\t\t\t<\/div>\n\t\t","protected":false},"excerpt":{"rendered":"<p>Le projet JOIN4JOY vise \u00e0 promouvoir l&rsquo;activit\u00e9 physique (AP) chez les personnes \u00e2g\u00e9es ayant moins d&rsquo;opportunit\u00e9s de participer en adaptant les programmes \u00e0 leurs besoins sp\u00e9cifiques. Gr\u00e2ce \u00e0 une strat\u00e9gie globale bas\u00e9e sur le plaisir, nous cherchons \u00e0 surmonter les obstacles et \u00e0 garantir un acc\u00e8s \u00e9quitable \u00e0 l&rsquo;exercice, afin d&rsquo;am\u00e9liorer leur qualit\u00e9 de vie [&hellip;]<\/p>\n","protected":false},"author":4,"featured_media":0,"parent":0,"menu_order":0,"comment_status":"closed","ping_status":"closed","template":"","meta":{"_monsterinsights_skip_tracking":false,"_monsterinsights_sitenote_active":false,"_monsterinsights_sitenote_note":"","_monsterinsights_sitenote_category":0,"footnotes":""},"class_list":["post-2331","page","type-page","status-publish","hentry"],"_links":{"self":[{"href":"https:\/\/www.join4joy.eu\/fr\/wp-json\/wp\/v2\/pages\/2331","targetHints":{"allow":["GET"]}}],"collection":[{"href":"https:\/\/www.join4joy.eu\/fr\/wp-json\/wp\/v2\/pages"}],"about":[{"href":"https:\/\/www.join4joy.eu\/fr\/wp-json\/wp\/v2\/types\/page"}],"author":[{"embeddable":true,"href":"https:\/\/www.join4joy.eu\/fr\/wp-json\/wp\/v2\/users\/4"}],"replies":[{"embeddable":true,"href":"https:\/\/www.join4joy.eu\/fr\/wp-json\/wp\/v2\/comments?post=2331"}],"version-history":[{"count":6,"href":"https:\/\/www.join4joy.eu\/fr\/wp-json\/wp\/v2\/pages\/2331\/revisions"}],"predecessor-version":[{"id":3458,"href":"https:\/\/www.join4joy.eu\/fr\/wp-json\/wp\/v2\/pages\/2331\/revisions\/3458"}],"wp:attachment":[{"href":"https:\/\/www.join4joy.eu\/fr\/wp-json\/wp\/v2\/media?parent=2331"}],"curies":[{"name":"wp","href":"https:\/\/api.w.org\/{rel}","templated":true}]}}