{"id":2329,"date":"2022-11-29T10:42:11","date_gmt":"2022-11-29T09:42:11","guid":{"rendered":"https:\/\/www.join4joy.eu\/contexte\/"},"modified":"2023-07-11T15:24:26","modified_gmt":"2023-07-11T14:24:26","slug":"contexte","status":"publish","type":"page","link":"https:\/\/www.join4joy.eu\/fr\/contexte\/","title":{"rendered":"Contexte"},"content":{"rendered":"\t\t<div data-elementor-type=\"wp-page\" data-elementor-id=\"2329\" class=\"elementor elementor-2329 elementor-1852\" data-elementor-settings=\"{&quot;element_pack_global_tooltip_width&quot;:{&quot;unit&quot;:&quot;px&quot;,&quot;size&quot;:&quot;&quot;,&quot;sizes&quot;:[]},&quot;element_pack_global_tooltip_width_tablet&quot;:{&quot;unit&quot;:&quot;px&quot;,&quot;size&quot;:&quot;&quot;,&quot;sizes&quot;:[]},&quot;element_pack_global_tooltip_width_mobile&quot;:{&quot;unit&quot;:&quot;px&quot;,&quot;size&quot;:&quot;&quot;,&quot;sizes&quot;:[]},&quot;element_pack_global_tooltip_padding&quot;:{&quot;unit&quot;:&quot;px&quot;,&quot;top&quot;:&quot;&quot;,&quot;right&quot;:&quot;&quot;,&quot;bottom&quot;:&quot;&quot;,&quot;left&quot;:&quot;&quot;,&quot;isLinked&quot;:true},&quot;element_pack_global_tooltip_padding_tablet&quot;:{&quot;unit&quot;:&quot;px&quot;,&quot;top&quot;:&quot;&quot;,&quot;right&quot;:&quot;&quot;,&quot;bottom&quot;:&quot;&quot;,&quot;left&quot;:&quot;&quot;,&quot;isLinked&quot;:true},&quot;element_pack_global_tooltip_padding_mobile&quot;:{&quot;unit&quot;:&quot;px&quot;,&quot;top&quot;:&quot;&quot;,&quot;right&quot;:&quot;&quot;,&quot;bottom&quot;:&quot;&quot;,&quot;left&quot;:&quot;&quot;,&quot;isLinked&quot;:true},&quot;element_pack_global_tooltip_border_radius&quot;:{&quot;unit&quot;:&quot;px&quot;,&quot;top&quot;:&quot;&quot;,&quot;right&quot;:&quot;&quot;,&quot;bottom&quot;:&quot;&quot;,&quot;left&quot;:&quot;&quot;,&quot;isLinked&quot;:true},&quot;element_pack_global_tooltip_border_radius_tablet&quot;:{&quot;unit&quot;:&quot;px&quot;,&quot;top&quot;:&quot;&quot;,&quot;right&quot;:&quot;&quot;,&quot;bottom&quot;:&quot;&quot;,&quot;left&quot;:&quot;&quot;,&quot;isLinked&quot;:true},&quot;element_pack_global_tooltip_border_radius_mobile&quot;:{&quot;unit&quot;:&quot;px&quot;,&quot;top&quot;:&quot;&quot;,&quot;right&quot;:&quot;&quot;,&quot;bottom&quot;:&quot;&quot;,&quot;left&quot;:&quot;&quot;,&quot;isLinked&quot;:true}}\" data-elementor-post-type=\"page\">\n\t\t\t\t\t\t<section class=\"elementor-section elementor-top-section elementor-element elementor-element-48fa36d elementor-section-boxed elementor-section-height-default elementor-section-height-default\" data-id=\"48fa36d\" data-element_type=\"section\" data-e-type=\"section\" data-settings=\"{&quot;background_background&quot;:&quot;classic&quot;}\">\n\t\t\t\t\t\t<div class=\"elementor-container elementor-column-gap-no\">\n\t\t\t\t\t<div class=\"elementor-column elementor-col-100 elementor-top-column elementor-element elementor-element-a81f60b\" data-id=\"a81f60b\" data-element_type=\"column\" data-e-type=\"column\" data-settings=\"{&quot;background_background&quot;:&quot;classic&quot;}\">\n\t\t\t<div class=\"elementor-widget-wrap elementor-element-populated\">\n\t\t\t\t\t\t\t<\/div>\n\t\t<\/div>\n\t\t\t\t\t<\/div>\n\t\t<\/section>\n\t\t\t\t<section class=\"elementor-section elementor-top-section elementor-element elementor-element-ebd3040 elementor-section-boxed elementor-section-height-default elementor-section-height-default\" data-id=\"ebd3040\" data-element_type=\"section\" data-e-type=\"section\" data-settings=\"{&quot;background_background&quot;:&quot;classic&quot;,&quot;shape_divider_top&quot;:&quot;book&quot;}\">\n\t\t\t\t\t<div class=\"elementor-shape elementor-shape-top\" aria-hidden=\"true\" data-negative=\"false\">\n\t\t\t<svg xmlns=\"http:\/\/www.w3.org\/2000\/svg\" viewBox=\"0 0 1000 100\" preserveAspectRatio=\"none\">\n\t<path class=\"elementor-shape-fill\" d=\"M194,99c186.7,0.7,305-78.3,306-97.2c1,18.9,119.3,97.9,306,97.2c114.3-0.3,194,0.3,194,0.3s0-91.7,0-100c0,0,0,0,0-0 L0,0v99.3C0,99.3,79.7,98.7,194,99z\"\/>\n<\/svg>\t\t<\/div>\n\t\t\t\t\t<div class=\"elementor-container elementor-column-gap-default\">\n\t\t\t\t\t<div class=\"elementor-column elementor-col-100 elementor-top-column elementor-element elementor-element-d43adff\" data-id=\"d43adff\" data-element_type=\"column\" data-e-type=\"column\">\n\t\t\t<div class=\"elementor-widget-wrap elementor-element-populated\">\n\t\t\t\t\t\t<div class=\"elementor-element elementor-element-e9945c2 elementor-widget elementor-widget-text-editor\" data-id=\"e9945c2\" data-element_type=\"widget\" data-e-type=\"widget\" data-widget_type=\"text-editor.default\">\n\t\t\t\t<div class=\"elementor-widget-container\">\n\t\t\t\t\t\t\t\t\t<p>Dans l&rsquo;UE, <strong>19 % de la population est \u00e2g\u00e9e de 65 ans ou plus (Eurostat, 2020).<\/strong> D&rsquo;ici \u00e0 2100, on s&rsquo;attend \u00e0 une augmentation de 15 % des personnes \u00e2g\u00e9es de 80 ans et plus. \u00c0 mesure que le vieillissement progresse, le risque de d\u00e9clin physique et cognitif augmente, de m\u00eame que la fr\u00e9quence des maladies chroniques et des comorbidit\u00e9s (Kirkland, 2013).<\/p>\n<p>\u00c9tant donn\u00e9 la pression croissante pour faire face aux co\u00fbts suppl\u00e9mentaires des soins de sant\u00e9 et des services sociaux associ\u00e9s au vieillissement de la population et \u00e0 la charge de morbidit\u00e9 chronique, une planification minutieuse de programmes pr\u00e9ventifs et durables est justifi\u00e9e.<\/p>\n<p><strong>L&rsquo;activit\u00e9 physique (AP)<\/strong> est consid\u00e9r\u00e9e comme l&rsquo;un des traitements non pharmacologiques les plus puissants pour les maladies non transmissibles (Santanasto, 2018), et des niveaux d&rsquo;AP plus \u00e9lev\u00e9s sont associ\u00e9s \u00e0 de meilleures trajectoires de vieillissement en bonne sant\u00e9 (Daskalopoulou, 2017).<\/p>\n<p>N\u00e9anmoins, les personnes \u00e2g\u00e9es constituent le groupe le moins actif, puisque seulement 11 % d&rsquo;entre elles suivent les recommandations actuelles en mati\u00e8re d&rsquo;activit\u00e9 physique (Gomes, 2017). Il a \u00e9galement \u00e9t\u00e9 d\u00e9montr\u00e9 que les personnes s\u00e9dentaires b\u00e9n\u00e9ficient de courtes p\u00e9riodes d&rsquo;activit\u00e9 tout au long de la journ\u00e9e, d&rsquo;une dur\u00e9e approximative de 1 \u00e0 10 minutes (McPhee, 2016 ; Powell, 2011 ; Healy, 2008).<\/p>\n<p><strong>Le comportement s\u00e9dentaire (CS)<\/strong> (d\u00e9fini comme toute activit\u00e9 d&rsquo;\u00e9veil en position assise, allong\u00e9e ou couch\u00e9e o\u00f9 la d\u00e9pense \u00e9nerg\u00e9tique est &lt;1,5 \u00e9quivalent m\u00e9tabolique) (Tremblay, 2017) semble avoir un effet ind\u00e9pendant mais n\u00e9gatif sur les trajectoires. La s\u00e9dentarit\u00e9 a \u00e9t\u00e9 associ\u00e9e \u00e0 un risque accru d&rsquo;ob\u00e9sit\u00e9, de maladie cardiovasculaire, de cancer, de diab\u00e8te et de mortalit\u00e9 globale, ainsi qu&rsquo;\u00e0 une r\u00e9duction de la mobilit\u00e9 et des interactions sociales. (Copeland, Ashe, Biddle, et al, 2017). <\/p>\n<p>En Europe occidentale, en 2015, le manque d&rsquo;AP \u00e9tait le quatri\u00e8me facteur de risque de mortalit\u00e9, \u00e0 l&rsquo;origine d&rsquo;environ 3 millions de d\u00e9c\u00e8s (Kahlmeier, 2015). Le CS a consid\u00e9rablement augment\u00e9 au cours des trois derni\u00e8res d\u00e9cennies et il est r\u00e9guli\u00e8rement rapport\u00e9 qu&rsquo;il augmente avec l&rsquo;\u00e2ge (Van Ballegooijen, 2019).<\/p>\n<p>Les programmes d&rsquo;AP et d&rsquo;exercice physique sont souvent men\u00e9s en groupe et constituent une bonne occasion pour les participants d&rsquo;avoir des interactions sociales, d&rsquo;\u00e9tablir des relations de soutien et d&rsquo;\u00eatre socialement int\u00e9gr\u00e9s.<\/p>\n<p>En outre, l&rsquo;AP am\u00e9liore le bien-\u00eatre psychologique et \u00e9motionnel, ce qui entra\u00eene des avantages directs pour la sant\u00e9, sur la base de ce que l&rsquo;on appelle l&rsquo;effet de bien-\u00eatre de l&rsquo;exercice, identifi\u00e9 dans la litt\u00e9rature (Hyde, 2011).<\/p>\n<p>Selon la th\u00e9orie de l&rsquo;\u00e9largissement et de la construction des \u00e9motions positives, les formes agr\u00e9ables d&rsquo;AP g\u00e9n\u00e8rent du bonheur et apportent des \u00e9motions positives qui, \u00e0 leur tour, pourraient \u00eatre associ\u00e9es \u00e0 la r\u00e9duction de la solitude (Newall, 2013).<\/p>\n<p>Bien qu&rsquo;il soit de plus en plus \u00e9vident que le plaisir peut \u00eatre un \u00e9l\u00e9ment cl\u00e9 pour l&rsquo;adh\u00e9sion et le maintien des programmes d&rsquo;AP, cette composante a rarement \u00e9t\u00e9 au centre des programmes d&rsquo;AP ciblant les personnes \u00e2g\u00e9es. En effet, le contenu des programmes est d\u00e9termin\u00e9 par l&rsquo;accent mis sur les avantages fonctionnels de l&rsquo;AP pour pr\u00e9venir les incapacit\u00e9s li\u00e9es \u00e0 l&rsquo;\u00e2ge. <\/p>\n<p>L&rsquo;insuffisance de l&rsquo;AP et les comportements s\u00e9dentaires chez les personnes \u00e2g\u00e9es sont li\u00e9s \u00e0 des obstacles sociaux, culturels, \u00e9conomiques et \u00e9ducatifs, ainsi qu&rsquo;\u00e0 des obstacles li\u00e9s au handicap, \u00e0 des probl\u00e8mes de sant\u00e9 et \u00e0 la discrimination pour diff\u00e9rentes raisons. En particulier, les femmes \u00e2g\u00e9es, les personnes ayant un faible niveau socio-\u00e9conomique, les aidants et les personnes \u00e2g\u00e9es issues de minorit\u00e9s ethniques font partie de ceux qui ont moins de possibilit\u00e9s d&rsquo;acc\u00e9der aux programmes d&rsquo;AP et ont rarement \u00e9t\u00e9 une cible sp\u00e9cifique des programmes d&rsquo;AP.<\/p>\n<p>Des diff\u00e9rences sp\u00e9cifiques au sexe sont \u00e9galement signal\u00e9es : en Europe, les femmes sont moins actives physiquement que les hommes (Van Tuyckom et al. 2012 ; Van Tuyckom et Scheerder, 2010 ; Hovermann et Wicker, 2009 ; Hartmann-Tews, 2006 ; Van Bottenburg et al. 2005 ; R\u00fctten et Abdu-Omar, 2004).<\/p>\n\t\t\t\t\t\t\t\t<\/div>\n\t\t\t\t<\/div>\n\t\t\t\t\t<\/div>\n\t\t<\/div>\n\t\t\t\t\t<\/div>\n\t\t<\/section>\n\t\t\t\t<\/div>\n\t\t","protected":false},"excerpt":{"rendered":"<p>Dans l&rsquo;UE, 19 % de la population est \u00e2g\u00e9e de 65 ans ou plus (Eurostat, 2020). D&rsquo;ici \u00e0 2100, on s&rsquo;attend \u00e0 une augmentation de 15 % des personnes \u00e2g\u00e9es de 80 ans et plus. \u00c0 mesure que le vieillissement progresse, le risque de d\u00e9clin physique et cognitif augmente, de m\u00eame que la fr\u00e9quence des [&hellip;]<\/p>\n","protected":false},"author":4,"featured_media":0,"parent":0,"menu_order":0,"comment_status":"closed","ping_status":"closed","template":"","meta":{"_monsterinsights_skip_tracking":false,"_monsterinsights_sitenote_active":false,"_monsterinsights_sitenote_note":"","_monsterinsights_sitenote_category":0,"footnotes":""},"class_list":["post-2329","page","type-page","status-publish","hentry"],"_links":{"self":[{"href":"https:\/\/www.join4joy.eu\/fr\/wp-json\/wp\/v2\/pages\/2329","targetHints":{"allow":["GET"]}}],"collection":[{"href":"https:\/\/www.join4joy.eu\/fr\/wp-json\/wp\/v2\/pages"}],"about":[{"href":"https:\/\/www.join4joy.eu\/fr\/wp-json\/wp\/v2\/types\/page"}],"author":[{"embeddable":true,"href":"https:\/\/www.join4joy.eu\/fr\/wp-json\/wp\/v2\/users\/4"}],"replies":[{"embeddable":true,"href":"https:\/\/www.join4joy.eu\/fr\/wp-json\/wp\/v2\/comments?post=2329"}],"version-history":[{"count":8,"href":"https:\/\/www.join4joy.eu\/fr\/wp-json\/wp\/v2\/pages\/2329\/revisions"}],"predecessor-version":[{"id":2595,"href":"https:\/\/www.join4joy.eu\/fr\/wp-json\/wp\/v2\/pages\/2329\/revisions\/2595"}],"wp:attachment":[{"href":"https:\/\/www.join4joy.eu\/fr\/wp-json\/wp\/v2\/media?parent=2329"}],"curies":[{"name":"wp","href":"https:\/\/api.w.org\/{rel}","templated":true}]}}