{"id":2359,"date":"2019-12-02T09:32:22","date_gmt":"2019-12-02T08:32:22","guid":{"rendered":"https:\/\/www.join4joy.eu\/el-proyecto\/"},"modified":"2025-03-27T09:26:17","modified_gmt":"2025-03-27T08:26:17","slug":"el-proyecto","status":"publish","type":"page","link":"https:\/\/www.join4joy.eu\/es\/el-proyecto\/","title":{"rendered":"El Proyecto"},"content":{"rendered":"\t\t<div data-elementor-type=\"wp-page\" data-elementor-id=\"2359\" class=\"elementor elementor-2359 elementor-21\" data-elementor-settings=\"{&quot;element_pack_global_tooltip_width&quot;:{&quot;unit&quot;:&quot;px&quot;,&quot;size&quot;:&quot;&quot;,&quot;sizes&quot;:[]},&quot;element_pack_global_tooltip_width_tablet&quot;:{&quot;unit&quot;:&quot;px&quot;,&quot;size&quot;:&quot;&quot;,&quot;sizes&quot;:[]},&quot;element_pack_global_tooltip_width_mobile&quot;:{&quot;unit&quot;:&quot;px&quot;,&quot;size&quot;:&quot;&quot;,&quot;sizes&quot;:[]},&quot;element_pack_global_tooltip_padding&quot;:{&quot;unit&quot;:&quot;px&quot;,&quot;top&quot;:&quot;&quot;,&quot;right&quot;:&quot;&quot;,&quot;bottom&quot;:&quot;&quot;,&quot;left&quot;:&quot;&quot;,&quot;isLinked&quot;:true},&quot;element_pack_global_tooltip_padding_tablet&quot;:{&quot;unit&quot;:&quot;px&quot;,&quot;top&quot;:&quot;&quot;,&quot;right&quot;:&quot;&quot;,&quot;bottom&quot;:&quot;&quot;,&quot;left&quot;:&quot;&quot;,&quot;isLinked&quot;:true},&quot;element_pack_global_tooltip_padding_mobile&quot;:{&quot;unit&quot;:&quot;px&quot;,&quot;top&quot;:&quot;&quot;,&quot;right&quot;:&quot;&quot;,&quot;bottom&quot;:&quot;&quot;,&quot;left&quot;:&quot;&quot;,&quot;isLinked&quot;:true},&quot;element_pack_global_tooltip_border_radius&quot;:{&quot;unit&quot;:&quot;px&quot;,&quot;top&quot;:&quot;&quot;,&quot;right&quot;:&quot;&quot;,&quot;bottom&quot;:&quot;&quot;,&quot;left&quot;:&quot;&quot;,&quot;isLinked&quot;:true},&quot;element_pack_global_tooltip_border_radius_tablet&quot;:{&quot;unit&quot;:&quot;px&quot;,&quot;top&quot;:&quot;&quot;,&quot;right&quot;:&quot;&quot;,&quot;bottom&quot;:&quot;&quot;,&quot;left&quot;:&quot;&quot;,&quot;isLinked&quot;:true},&quot;element_pack_global_tooltip_border_radius_mobile&quot;:{&quot;unit&quot;:&quot;px&quot;,&quot;top&quot;:&quot;&quot;,&quot;right&quot;:&quot;&quot;,&quot;bottom&quot;:&quot;&quot;,&quot;left&quot;:&quot;&quot;,&quot;isLinked&quot;:true}}\" data-elementor-post-type=\"page\">\n\t\t\t\t\t\t<section class=\"elementor-section elementor-top-section elementor-element elementor-element-3b5371a elementor-section-boxed elementor-section-height-default elementor-section-height-default\" data-id=\"3b5371a\" data-element_type=\"section\" data-e-type=\"section\" data-settings=\"{&quot;background_background&quot;:&quot;classic&quot;}\">\n\t\t\t\t\t\t<div class=\"elementor-container elementor-column-gap-no\">\n\t\t\t\t\t<div class=\"elementor-column elementor-col-100 elementor-top-column elementor-element elementor-element-7c88122\" data-id=\"7c88122\" data-element_type=\"column\" data-e-type=\"column\" data-settings=\"{&quot;background_background&quot;:&quot;classic&quot;}\">\n\t\t\t<div class=\"elementor-widget-wrap elementor-element-populated\">\n\t\t\t\t\t\t\t<\/div>\n\t\t<\/div>\n\t\t\t\t\t<\/div>\n\t\t<\/section>\n\t\t\t\t<section class=\"elementor-section elementor-top-section elementor-element elementor-element-2f21aff elementor-section-boxed elementor-section-height-default elementor-section-height-default\" data-id=\"2f21aff\" data-element_type=\"section\" data-e-type=\"section\" data-settings=\"{&quot;background_background&quot;:&quot;classic&quot;,&quot;shape_divider_top&quot;:&quot;book&quot;}\">\n\t\t\t\t\t<div class=\"elementor-shape elementor-shape-top\" aria-hidden=\"true\" data-negative=\"false\">\n\t\t\t<svg xmlns=\"http:\/\/www.w3.org\/2000\/svg\" viewBox=\"0 0 1000 100\" preserveAspectRatio=\"none\">\n\t<path class=\"elementor-shape-fill\" d=\"M194,99c186.7,0.7,305-78.3,306-97.2c1,18.9,119.3,97.9,306,97.2c114.3-0.3,194,0.3,194,0.3s0-91.7,0-100c0,0,0,0,0-0 L0,0v99.3C0,99.3,79.7,98.7,194,99z\"\/>\n<\/svg>\t\t<\/div>\n\t\t\t\t\t<div class=\"elementor-container elementor-column-gap-default\">\n\t\t\t\t\t<div class=\"elementor-column elementor-col-100 elementor-top-column elementor-element elementor-element-d8d0804\" data-id=\"d8d0804\" data-element_type=\"column\" data-e-type=\"column\">\n\t\t\t<div class=\"elementor-widget-wrap elementor-element-populated\">\n\t\t\t\t\t\t<div class=\"elementor-element elementor-element-8a3260f elementor-widget elementor-widget-text-editor\" data-id=\"8a3260f\" data-element_type=\"widget\" data-e-type=\"widget\" data-widget_type=\"text-editor.default\">\n\t\t\t\t<div class=\"elementor-widget-container\">\n\t\t\t\t\t\t\t\t\t<p>El proyecto <strong>JOIN4JOY<\/strong> tiene como objetivo fomentar la actividad f\u00edsica (PA) entre personas mayores con menos oportunidades de participaci\u00f3n, adaptando los programas a sus necesidades espec\u00edficas. A trav\u00e9s de una estrategia integral centrada en el disfrute, buscamos superar barreras y garantizar un acceso equitativo a la pr\u00e1ctica de ejercicio, mejorando su calidad de vida desde una perspectiva biopsicosocial e inclusiva. <\/p>\n<p><strong>\u00bfA qui\u00e9n se dirigi\u00f3 el proyecto JOIN4JOY?<\/strong><\/p>\n<ul>\n<li><strong>Intervenci\u00f3n<\/strong>: Personas mayores (65+) que viven en la comunidad con dificultades socioecon\u00f3micas o sociales (<em>Join4Joy-Comm<\/em>), y personas que viven en residencias asistenciales (<em>Join4Joy-NH<\/em>).<\/li>\n<li><strong>Educaci\u00f3n<\/strong>: Profesionales de la salud y el ejercicio, as\u00ed como estudiantes en formaci\u00f3n en estos \u00e1mbitos.<\/li>\n<\/ul>\n<p><strong>Estrategia y Actividades<\/strong><\/p>\n<p>El proyecto se desarroll\u00f3 en distintas fases para garantizar su impacto y sostenibilidad:<\/p>\n<ul>\n<li><strong>Co-creaci\u00f3n<\/strong>: Desarrollo conjunto con personas mayores, profesionales, cuidadores informales, investigadores y estudiantes para dise\u00f1ar un programa adaptado a sus necesidades.<\/li>\n<li><strong>Formaci\u00f3n inicial<\/strong>: Todos los facilitadores, y estudiantes ayudantes fueron entrenados en los planteamientos Join4Joy para promover intervenciones m\u00e1s individualizas, inclusivas y l\u00fadicas.<\/li>\n<li><strong>Pilotos 1 y 2<\/strong>: El enfoque Join4Joy se pilot\u00f3 en distintas ubicaciones europeas, que integraron los aprendizajes adapt\u00e1ndolos a las particularidades de sus entornos. Los pilotos pretenden facilitar un estudio de viabilidad y fueron evaluados por m\u00e9todos mixtos, cuantitativos y cualitativos. Accede al <a href=\"https:\/\/bmjopen.bmj.com\/content\/14\/7\/e083291\">Protocolo del Proyecto Join4Joy<\/a> para obtener m\u00e1s detalles de su metodolog\u00eda.  <\/li>\n<li><strong>Capacitaci\u00f3n en cascada<\/strong>: Como resultado de la co-creaci\u00f3n y la evidencia cient\u00edfica, el proyecto pone a disposici\u00f3n la Formaci\u00f3n Online Gratuita <strong>Join4Joy Educational Training<\/strong>. Cualquier profesional o estudiante con inter\u00e9s en el \u00e1mbito del envejecimiento activo, puede solicitar acceso. <strong>Duraci\u00f3n total del curso<\/strong>: 2 horas, distribuidas en c\u00f3modas c\u00e1psulas de 5-10 minutos cada una. Clica el link para m\u00e1s informaci\u00f3n.  <\/li>\n<li><strong>Comunidades Virtuales de Pr\u00e1ctica (VCoPs)<\/strong>, espacios digitales donde profesionales, estudiantes y participantes pueden compartir conocimientos y experiencias.<\/li>\n<\/ul>\n<p>El impacto del proyecto se evaluar\u00e1 a nivel europeo para garantizar su replicabilidad y escalabilidad, promoviendo una mayor equidad en el acceso a la actividad f\u00edsica para las personas mayores.<\/p>\n\t\t\t\t\t\t\t\t<\/div>\n\t\t\t\t<\/div>\n\t\t\t\t\t<\/div>\n\t\t<\/div>\n\t\t\t\t\t<\/div>\n\t\t<\/section>\n\t\t\t\t<\/div>\n\t\t","protected":false},"excerpt":{"rendered":"<p>El proyecto JOIN4JOY tiene como objetivo fomentar la actividad f\u00edsica (PA) entre personas mayores con menos oportunidades de participaci\u00f3n, adaptando los programas a sus necesidades espec\u00edficas. A trav\u00e9s de una estrategia integral centrada en el disfrute, buscamos superar barreras y garantizar un acceso equitativo a la pr\u00e1ctica de ejercicio, mejorando su calidad de vida desde [&hellip;]<\/p>\n","protected":false},"author":4,"featured_media":0,"parent":0,"menu_order":0,"comment_status":"closed","ping_status":"closed","template":"","meta":{"_monsterinsights_skip_tracking":false,"_monsterinsights_sitenote_active":false,"_monsterinsights_sitenote_note":"","_monsterinsights_sitenote_category":0,"footnotes":""},"class_list":["post-2359","page","type-page","status-publish","hentry"],"_links":{"self":[{"href":"https:\/\/www.join4joy.eu\/es\/wp-json\/wp\/v2\/pages\/2359","targetHints":{"allow":["GET"]}}],"collection":[{"href":"https:\/\/www.join4joy.eu\/es\/wp-json\/wp\/v2\/pages"}],"about":[{"href":"https:\/\/www.join4joy.eu\/es\/wp-json\/wp\/v2\/types\/page"}],"author":[{"embeddable":true,"href":"https:\/\/www.join4joy.eu\/es\/wp-json\/wp\/v2\/users\/4"}],"replies":[{"embeddable":true,"href":"https:\/\/www.join4joy.eu\/es\/wp-json\/wp\/v2\/comments?post=2359"}],"version-history":[{"count":9,"href":"https:\/\/www.join4joy.eu\/es\/wp-json\/wp\/v2\/pages\/2359\/revisions"}],"predecessor-version":[{"id":3463,"href":"https:\/\/www.join4joy.eu\/es\/wp-json\/wp\/v2\/pages\/2359\/revisions\/3463"}],"wp:attachment":[{"href":"https:\/\/www.join4joy.eu\/es\/wp-json\/wp\/v2\/media?parent=2359"}],"curies":[{"name":"wp","href":"https:\/\/api.w.org\/{rel}","templated":true}]}}