{"id":2389,"date":"2022-11-29T11:18:59","date_gmt":"2022-11-29T10:18:59","guid":{"rendered":"https:\/\/www.join4joy.eu\/leistungen\/"},"modified":"2026-04-16T10:50:49","modified_gmt":"2026-04-16T09:50:49","slug":"ergebnisse","status":"publish","type":"page","link":"https:\/\/www.join4joy.eu\/de\/ergebnisse\/","title":{"rendered":"Ergebnisse"},"content":{"rendered":"\t\t<div data-elementor-type=\"wp-page\" data-elementor-id=\"2389\" class=\"elementor elementor-2389 elementor-1870\" data-elementor-settings=\"{&quot;element_pack_global_tooltip_width&quot;:{&quot;unit&quot;:&quot;px&quot;,&quot;size&quot;:&quot;&quot;,&quot;sizes&quot;:[]},&quot;element_pack_global_tooltip_width_tablet&quot;:{&quot;unit&quot;:&quot;px&quot;,&quot;size&quot;:&quot;&quot;,&quot;sizes&quot;:[]},&quot;element_pack_global_tooltip_width_mobile&quot;:{&quot;unit&quot;:&quot;px&quot;,&quot;size&quot;:&quot;&quot;,&quot;sizes&quot;:[]},&quot;element_pack_global_tooltip_padding&quot;:{&quot;unit&quot;:&quot;px&quot;,&quot;top&quot;:&quot;&quot;,&quot;right&quot;:&quot;&quot;,&quot;bottom&quot;:&quot;&quot;,&quot;left&quot;:&quot;&quot;,&quot;isLinked&quot;:true},&quot;element_pack_global_tooltip_padding_tablet&quot;:{&quot;unit&quot;:&quot;px&quot;,&quot;top&quot;:&quot;&quot;,&quot;right&quot;:&quot;&quot;,&quot;bottom&quot;:&quot;&quot;,&quot;left&quot;:&quot;&quot;,&quot;isLinked&quot;:true},&quot;element_pack_global_tooltip_padding_mobile&quot;:{&quot;unit&quot;:&quot;px&quot;,&quot;top&quot;:&quot;&quot;,&quot;right&quot;:&quot;&quot;,&quot;bottom&quot;:&quot;&quot;,&quot;left&quot;:&quot;&quot;,&quot;isLinked&quot;:true},&quot;element_pack_global_tooltip_border_radius&quot;:{&quot;unit&quot;:&quot;px&quot;,&quot;top&quot;:&quot;&quot;,&quot;right&quot;:&quot;&quot;,&quot;bottom&quot;:&quot;&quot;,&quot;left&quot;:&quot;&quot;,&quot;isLinked&quot;:true},&quot;element_pack_global_tooltip_border_radius_tablet&quot;:{&quot;unit&quot;:&quot;px&quot;,&quot;top&quot;:&quot;&quot;,&quot;right&quot;:&quot;&quot;,&quot;bottom&quot;:&quot;&quot;,&quot;left&quot;:&quot;&quot;,&quot;isLinked&quot;:true},&quot;element_pack_global_tooltip_border_radius_mobile&quot;:{&quot;unit&quot;:&quot;px&quot;,&quot;top&quot;:&quot;&quot;,&quot;right&quot;:&quot;&quot;,&quot;bottom&quot;:&quot;&quot;,&quot;left&quot;:&quot;&quot;,&quot;isLinked&quot;:true}}\" data-elementor-post-type=\"page\">\n\t\t\t\t\t\t<section class=\"elementor-section elementor-top-section elementor-element elementor-element-1274934 elementor-section-boxed elementor-section-height-default elementor-section-height-default\" data-id=\"1274934\" data-element_type=\"section\" data-e-type=\"section\" data-settings=\"{&quot;background_background&quot;:&quot;classic&quot;}\">\n\t\t\t\t\t\t<div class=\"elementor-container elementor-column-gap-no\">\n\t\t\t\t\t<div class=\"elementor-column elementor-col-100 elementor-top-column elementor-element elementor-element-987f2a0\" data-id=\"987f2a0\" data-element_type=\"column\" data-e-type=\"column\" data-settings=\"{&quot;background_background&quot;:&quot;classic&quot;}\">\n\t\t\t<div class=\"elementor-widget-wrap elementor-element-populated\">\n\t\t\t\t\t\t\t<\/div>\n\t\t<\/div>\n\t\t\t\t\t<\/div>\n\t\t<\/section>\n\t\t\t\t<section class=\"elementor-section elementor-top-section elementor-element elementor-element-4c39fe4 elementor-section-boxed elementor-section-height-default elementor-section-height-default\" data-id=\"4c39fe4\" data-element_type=\"section\" data-e-type=\"section\" data-settings=\"{&quot;background_background&quot;:&quot;classic&quot;,&quot;shape_divider_top&quot;:&quot;book&quot;}\">\n\t\t\t\t\t<div class=\"elementor-shape elementor-shape-top\" aria-hidden=\"true\" data-negative=\"false\">\n\t\t\t<svg xmlns=\"http:\/\/www.w3.org\/2000\/svg\" viewBox=\"0 0 1000 100\" preserveAspectRatio=\"none\">\n\t<path class=\"elementor-shape-fill\" d=\"M194,99c186.7,0.7,305-78.3,306-97.2c1,18.9,119.3,97.9,306,97.2c114.3-0.3,194,0.3,194,0.3s0-91.7,0-100c0,0,0,0,0-0 L0,0v99.3C0,99.3,79.7,98.7,194,99z\"\/>\n<\/svg>\t\t<\/div>\n\t\t\t\t\t<div class=\"elementor-container elementor-column-gap-default\">\n\t\t\t\t\t<div class=\"elementor-column elementor-col-100 elementor-top-column elementor-element elementor-element-dde807e\" data-id=\"dde807e\" data-element_type=\"column\" data-e-type=\"column\">\n\t\t\t<div class=\"elementor-widget-wrap elementor-element-populated\">\n\t\t\t\t\t\t<div class=\"elementor-element elementor-element-a1a7d01 elementor-align-start elementor-tablet-align-start elementor-icon-list--layout-traditional elementor-list-item-link-full_width elementor-widget elementor-widget-icon-list\" data-id=\"a1a7d01\" data-element_type=\"widget\" data-e-type=\"widget\" data-widget_type=\"icon-list.default\">\n\t\t\t\t<div class=\"elementor-widget-container\">\n\t\t\t\t\t\t\t<ul class=\"elementor-icon-list-items\">\n\t\t\t\t\t\t\t<li class=\"elementor-icon-list-item\">\n\t\t\t\t\t\t\t\t\t\t\t<span class=\"elementor-icon-list-icon\">\n\t\t\t\t\t\t\t<i aria-hidden=\"true\" class=\"fas fa-circle\"><\/i>\t\t\t\t\t\t<\/span>\n\t\t\t\t\t\t\t\t\t\t<span class=\"elementor-icon-list-text\">Ergebnisse der Evaluation von den Gemeinschaftsprogrammen<\/span>\n\t\t\t\t\t\t\t\t\t<\/li>\n\t\t\t\t\t\t<\/ul>\n\t\t\t\t\t\t<\/div>\n\t\t\t\t<\/div>\n\t\t\t\t<div class=\"elementor-element elementor-element-be17d18 elementor-icon-list--layout-traditional elementor-list-item-link-full_width elementor-widget elementor-widget-icon-list\" data-id=\"be17d18\" data-element_type=\"widget\" data-e-type=\"widget\" data-widget_type=\"icon-list.default\">\n\t\t\t\t<div class=\"elementor-widget-container\">\n\t\t\t\t\t\t\t<ul class=\"elementor-icon-list-items\">\n\t\t\t\t\t\t\t<li class=\"elementor-icon-list-item\">\n\t\t\t\t\t\t\t\t\t\t\t<a href=\"https:\/\/www.join4joy.eu\/wp-content\/uploads\/2025\/06\/J4J_Results-of-the-community-programme-evaluation.pdf\" target=\"_blank\">\n\n\t\t\t\t\t\t\t\t\t\t\t\t<span class=\"elementor-icon-list-icon\">\n\t\t\t\t\t\t\t<i aria-hidden=\"true\" class=\"fas fa-file-pdf\"><\/i>\t\t\t\t\t\t<\/span>\n\t\t\t\t\t\t\t\t\t\t<span class=\"elementor-icon-list-text\">Ergebnisse der Evaluation von den Gemeinschaftsprogrammen ENG<\/span>\n\t\t\t\t\t\t\t\t\t\t\t<\/a>\n\t\t\t\t\t\t\t\t\t<\/li>\n\t\t\t\t\t\t<\/ul>\n\t\t\t\t\t\t<\/div>\n\t\t\t\t<\/div>\n\t\t\t\t<div class=\"elementor-element elementor-element-961581a elementor-align-start elementor-tablet-align-start elementor-icon-list--layout-traditional elementor-list-item-link-full_width elementor-widget elementor-widget-icon-list\" data-id=\"961581a\" data-element_type=\"widget\" data-e-type=\"widget\" data-widget_type=\"icon-list.default\">\n\t\t\t\t<div class=\"elementor-widget-container\">\n\t\t\t\t\t\t\t<ul class=\"elementor-icon-list-items\">\n\t\t\t\t\t\t\t<li class=\"elementor-icon-list-item\">\n\t\t\t\t\t\t\t\t\t\t\t<span class=\"elementor-icon-list-icon\">\n\t\t\t\t\t\t\t<i aria-hidden=\"true\" class=\"fas fa-circle\"><\/i>\t\t\t\t\t\t<\/span>\n\t\t\t\t\t\t\t\t\t\t<span class=\"elementor-icon-list-text\">Ergebnisse der Evaluation von den LTC-Programmen<\/span>\n\t\t\t\t\t\t\t\t\t<\/li>\n\t\t\t\t\t\t<\/ul>\n\t\t\t\t\t\t<\/div>\n\t\t\t\t<\/div>\n\t\t\t\t<div class=\"elementor-element elementor-element-c3d626c elementor-icon-list--layout-traditional elementor-list-item-link-full_width elementor-widget elementor-widget-icon-list\" data-id=\"c3d626c\" data-element_type=\"widget\" data-e-type=\"widget\" data-widget_type=\"icon-list.default\">\n\t\t\t\t<div class=\"elementor-widget-container\">\n\t\t\t\t\t\t\t<ul class=\"elementor-icon-list-items\">\n\t\t\t\t\t\t\t<li class=\"elementor-icon-list-item\">\n\t\t\t\t\t\t\t\t\t\t\t<a href=\"https:\/\/www.join4joy.eu\/wp-content\/uploads\/2025\/06\/J4J_Results-of-the-LTC-programme-evaluation.pdf\" target=\"_blank\">\n\n\t\t\t\t\t\t\t\t\t\t\t\t<span class=\"elementor-icon-list-icon\">\n\t\t\t\t\t\t\t<i aria-hidden=\"true\" class=\"fas fa-file-pdf\"><\/i>\t\t\t\t\t\t<\/span>\n\t\t\t\t\t\t\t\t\t\t<span class=\"elementor-icon-list-text\">Ergebnisse der Evaluation von den LTC-Programmen\u200b\u200b ENG<\/span>\n\t\t\t\t\t\t\t\t\t\t\t<\/a>\n\t\t\t\t\t\t\t\t\t<\/li>\n\t\t\t\t\t\t<\/ul>\n\t\t\t\t\t\t<\/div>\n\t\t\t\t<\/div>\n\t\t\t\t<div class=\"elementor-element elementor-element-565cd8d elementor-align-start elementor-tablet-align-start elementor-icon-list--layout-traditional elementor-list-item-link-full_width elementor-widget elementor-widget-icon-list\" data-id=\"565cd8d\" data-element_type=\"widget\" data-e-type=\"widget\" data-widget_type=\"icon-list.default\">\n\t\t\t\t<div class=\"elementor-widget-container\">\n\t\t\t\t\t\t\t<ul class=\"elementor-icon-list-items\">\n\t\t\t\t\t\t\t<li class=\"elementor-icon-list-item\">\n\t\t\t\t\t\t\t\t\t\t\t<span class=\"elementor-icon-list-icon\">\n\t\t\t\t\t\t\t<i aria-hidden=\"true\" class=\"fas fa-circle\"><\/i>\t\t\t\t\t\t<\/span>\n\t\t\t\t\t\t\t\t\t\t<span class=\"elementor-icon-list-text\">Dissemination vom Abschlussbericht<\/span>\n\t\t\t\t\t\t\t\t\t<\/li>\n\t\t\t\t\t\t<\/ul>\n\t\t\t\t\t\t<\/div>\n\t\t\t\t<\/div>\n\t\t\t\t<div class=\"elementor-element elementor-element-8b9f0d1 elementor-icon-list--layout-traditional elementor-list-item-link-full_width elementor-widget elementor-widget-icon-list\" data-id=\"8b9f0d1\" data-element_type=\"widget\" data-e-type=\"widget\" data-widget_type=\"icon-list.default\">\n\t\t\t\t<div class=\"elementor-widget-container\">\n\t\t\t\t\t\t\t<ul class=\"elementor-icon-list-items\">\n\t\t\t\t\t\t\t<li class=\"elementor-icon-list-item\">\n\t\t\t\t\t\t\t\t\t\t\t<a href=\"https:\/\/www.join4joy.eu\/wp-content\/uploads\/2025\/06\/J4J_Dissemination-report.pdf\" target=\"_blank\">\n\n\t\t\t\t\t\t\t\t\t\t\t\t<span class=\"elementor-icon-list-icon\">\n\t\t\t\t\t\t\t<i aria-hidden=\"true\" class=\"fas fa-file-pdf\"><\/i>\t\t\t\t\t\t<\/span>\n\t\t\t\t\t\t\t\t\t\t<span class=\"elementor-icon-list-text\">Dissemination vom Abschlussbericht ENG<\/span>\n\t\t\t\t\t\t\t\t\t\t\t<\/a>\n\t\t\t\t\t\t\t\t\t<\/li>\n\t\t\t\t\t\t<\/ul>\n\t\t\t\t\t\t<\/div>\n\t\t\t\t<\/div>\n\t\t\t\t\t<\/div>\n\t\t<\/div>\n\t\t\t\t\t<\/div>\n\t\t<\/section>\n\t\t\t\t<section class=\"elementor-section elementor-top-section elementor-element elementor-element-ccbb3dd elementor-section-boxed elementor-section-height-default elementor-section-height-default\" data-id=\"ccbb3dd\" data-element_type=\"section\" data-e-type=\"section\" data-settings=\"{&quot;background_background&quot;:&quot;classic&quot;}\">\n\t\t\t\t\t\t<div class=\"elementor-container elementor-column-gap-no\">\n\t\t\t\t\t<div class=\"elementor-column elementor-col-100 elementor-top-column elementor-element elementor-element-006a4c2\" data-id=\"006a4c2\" data-element_type=\"column\" data-e-type=\"column\" data-settings=\"{&quot;background_background&quot;:&quot;classic&quot;}\">\n\t\t\t<div class=\"elementor-widget-wrap elementor-element-populated\">\n\t\t\t\t\t\t<div class=\"elementor-element elementor-element-10e527b elementor-widget elementor-widget-heading\" data-id=\"10e527b\" data-element_type=\"widget\" data-e-type=\"widget\" data-widget_type=\"heading.default\">\n\t\t\t\t<div class=\"elementor-widget-container\">\n\t\t\t\t\t<h2 class=\"elementor-heading-title elementor-size-default\">Ver\u00f6ffentlichungen<\/h2>\t\t\t\t<\/div>\n\t\t\t\t<\/div>\n\t\t\t\t\t<\/div>\n\t\t<\/div>\n\t\t\t\t\t<\/div>\n\t\t<\/section>\n\t\t\t\t<section class=\"elementor-section elementor-top-section elementor-element elementor-element-4dd9584 elementor-section-boxed elementor-section-height-default elementor-section-height-default\" data-id=\"4dd9584\" data-element_type=\"section\" data-e-type=\"section\" data-settings=\"{&quot;background_background&quot;:&quot;classic&quot;,&quot;shape_divider_top&quot;:&quot;book&quot;}\">\n\t\t\t\t\t<div class=\"elementor-shape elementor-shape-top\" aria-hidden=\"true\" data-negative=\"false\">\n\t\t\t<svg xmlns=\"http:\/\/www.w3.org\/2000\/svg\" viewBox=\"0 0 1000 100\" preserveAspectRatio=\"none\">\n\t<path class=\"elementor-shape-fill\" d=\"M194,99c186.7,0.7,305-78.3,306-97.2c1,18.9,119.3,97.9,306,97.2c114.3-0.3,194,0.3,194,0.3s0-91.7,0-100c0,0,0,0,0-0 L0,0v99.3C0,99.3,79.7,98.7,194,99z\"\/>\n<\/svg>\t\t<\/div>\n\t\t\t\t\t<div class=\"elementor-container elementor-column-gap-default\">\n\t\t\t\t\t<div class=\"elementor-column elementor-col-100 elementor-top-column elementor-element elementor-element-48db0af\" data-id=\"48db0af\" data-element_type=\"column\" data-e-type=\"column\">\n\t\t\t<div class=\"elementor-widget-wrap elementor-element-populated\">\n\t\t\t\t\t\t<div class=\"elementor-element elementor-element-38a77a7 elementor-widget elementor-widget-text-editor\" data-id=\"38a77a7\" data-element_type=\"widget\" data-e-type=\"widget\" data-widget_type=\"text-editor.default\">\n\t\t\t\t<div class=\"elementor-widget-container\">\n\t\t\t\t\t\t\t\t\t<ol><li>F\u00f6rderung von Freude und sozialer Inklusion zur Steigerung der k\u00f6rperlichen Aktivit\u00e4t und Reduzierung von sitzendem Verhalten bei \u00e4lteren Erwachsenen: Protokoll f\u00fcr eine Machbarkeitsstudie zur Testung des JOIN4JOY-Ansatzes in f\u00fcnf europ\u00e4ischen L\u00e4ndern.<br><a href=\"https:\/\/bmjopen.bmj.com\/content\/14\/7\/e083291\">https:\/\/bmjopen.bmj.com\/content\/14\/7\/e083291<\/a><\/li><li>Welche Bed\u00fcrfnisse erkennen Experten und zuk\u00fcnftige Fachkr\u00e4fte im Bereich der k\u00f6rperlichen Aktivit\u00e4t und des Sports, um gesundes Altern zu f\u00f6rdern? Ansichten von Fachleuten und Studierenden. <br><a href=\"https:\/\/merit.url.edu\/es\/publications\/what-needs-do-experts-and-future-physical-activity-and-sport-prof\">https:\/\/merit.url.edu\/es\/publications\/what-needs-do-experts-and-future-physical-activity-and-sport-prof<\/a><\/li><li>Erfahrungen \u00e4lterer Erwachsener mit einer Intervention zu k\u00f6rperlicher Aktivit\u00e4t und sitzendem Verhalten: eine eingebettete qualitative Studie innerhalb der multinationalen randomisierten SITLESS-Studie &#8211; <a href=\"https:\/\/pubmed.ncbi.nlm.nih.gov\/33946717\/\">https:\/\/pubmed.ncbi.nlm.nih.gov\/33946717\/<\/a><\/li><li><p>Gemeinsame Entwicklung des Join4Joy-Ansatzes zur Steigerung von Freude und sozialer Inklusion, um die k\u00f6rperliche Aktivit\u00e4t \u00e4lterer Menschen in Pflegeheimen und Gemeindeumgebungen zu erh\u00f6hen: eine qualitative Studie in Spanien, D\u00e4nemark, Deutschland, Italien und Frankreich &#8211; <a href=\"https:\/\/www.sciencedirect.com\/science\/article\/pii\/S0167494325003334?via%3Dihub\">https:\/\/www.sciencedirect.com\/science\/article\/pii\/S0167494325003334?via%3Dihub<\/a><\/p><\/li><li>Wirksamkeit von Interventionen zur Reduzierung des Sitzverhaltens bei \u00e4lteren Menschen in Langzeitpflegeeinrichtungen: eine systematische \u00dcbersichtsarbeit und Metaanalyse &#8211; <a href=\"https:\/\/www.jamda.com\/article\/S1525-8610(25)00202-6\/abstract\">https:\/\/www.jamda.com\/article\/S1525-8610(25)00202-6\/abstract<\/a><\/li><li><p>Inklusive und angenehme k\u00f6rperliche Aktivit\u00e4t f\u00fcr \u00e4ltere Erwachsene: Das JOIN4JOY-Projekt<br><a href=\"https:\/\/journals.lsu.lt\/baltic-journal-of-sport-health\/article\/view\/1968\">https:\/\/journals.lsu.lt\/baltic-journal-of-sport-health\/article\/view\/1968<\/a><\/p><\/li><li><p>Strategien zur F\u00f6rderung k\u00f6rperlicher Aktivit\u00e4t und zur Reduzierung sitzenden Verhaltens bei \u00e4lteren Erwachsenen: Erkenntnisse aus dem Join4Joy-Projekt<br><a href=\"https:\/\/journals.lsu.lt\/baltic-journal-of-sport-health\/article\/view\/2133\">https:\/\/journals.lsu.lt\/baltic-journal-of-sport-health\/article\/view\/2133<\/a><\/p><\/li><\/ol>\t\t\t\t\t\t\t\t<\/div>\n\t\t\t\t<\/div>\n\t\t\t\t<div class=\"elementor-element elementor-element-c44f556 elementor-widget elementor-widget-image\" data-id=\"c44f556\" data-element_type=\"widget\" data-e-type=\"widget\" data-widget_type=\"image.default\">\n\t\t\t\t<div class=\"elementor-widget-container\">\n\t\t\t\t\t\t\t\t\t\t\t\t\t\t\t<img fetchpriority=\"high\" decoding=\"async\" width=\"1920\" height=\"750\" src=\"https:\/\/www.join4joy.eu\/wp-content\/uploads\/2025\/05\/publication-join4joy-1-1.jpg\" class=\"attachment-full size-full wp-image-3689\" alt=\"\" srcset=\"https:\/\/www.join4joy.eu\/wp-content\/uploads\/2025\/05\/publication-join4joy-1-1.jpg 1920w, https:\/\/www.join4joy.eu\/wp-content\/uploads\/2025\/05\/publication-join4joy-1-1-300x117.jpg 300w, https:\/\/www.join4joy.eu\/wp-content\/uploads\/2025\/05\/publication-join4joy-1-1-1024x400.jpg 1024w, https:\/\/www.join4joy.eu\/wp-content\/uploads\/2025\/05\/publication-join4joy-1-1-768x300.jpg 768w, https:\/\/www.join4joy.eu\/wp-content\/uploads\/2025\/05\/publication-join4joy-1-1-1536x600.jpg 1536w\" sizes=\"(max-width: 1920px) 100vw, 1920px\" \/>\t\t\t\t\t\t\t\t\t\t\t\t\t\t\t<\/div>\n\t\t\t\t<\/div>\n\t\t\t\t\t<\/div>\n\t\t<\/div>\n\t\t\t\t\t<\/div>\n\t\t<\/section>\n\t\t\t\t<\/div>\n\t\t","protected":false},"excerpt":{"rendered":"<p>Ergebnisse der Evaluation von den Gemeinschaftsprogrammen Ergebnisse der Evaluation von den Gemeinschaftsprogrammen ENG Ergebnisse der Evaluation von den LTC-Programmen Ergebnisse der Evaluation von den LTC-Programmen\u200b\u200b ENG Dissemination vom Abschlussbericht Dissemination vom Abschlussbericht ENG Ver\u00f6ffentlichungen F\u00f6rderung von Freude und sozialer Inklusion zur Steigerung der k\u00f6rperlichen Aktivit\u00e4t und Reduzierung von sitzendem Verhalten bei \u00e4lteren Erwachsenen: Protokoll f\u00fcr [&hellip;]<\/p>\n","protected":false},"author":4,"featured_media":0,"parent":0,"menu_order":0,"comment_status":"closed","ping_status":"closed","template":"","meta":{"_monsterinsights_skip_tracking":false,"_monsterinsights_sitenote_active":false,"_monsterinsights_sitenote_note":"","_monsterinsights_sitenote_category":0,"footnotes":""},"class_list":["post-2389","page","type-page","status-publish","hentry"],"_links":{"self":[{"href":"https:\/\/www.join4joy.eu\/de\/wp-json\/wp\/v2\/pages\/2389","targetHints":{"allow":["GET"]}}],"collection":[{"href":"https:\/\/www.join4joy.eu\/de\/wp-json\/wp\/v2\/pages"}],"about":[{"href":"https:\/\/www.join4joy.eu\/de\/wp-json\/wp\/v2\/types\/page"}],"author":[{"embeddable":true,"href":"https:\/\/www.join4joy.eu\/de\/wp-json\/wp\/v2\/users\/4"}],"replies":[{"embeddable":true,"href":"https:\/\/www.join4joy.eu\/de\/wp-json\/wp\/v2\/comments?post=2389"}],"version-history":[{"count":12,"href":"https:\/\/www.join4joy.eu\/de\/wp-json\/wp\/v2\/pages\/2389\/revisions"}],"predecessor-version":[{"id":3813,"href":"https:\/\/www.join4joy.eu\/de\/wp-json\/wp\/v2\/pages\/2389\/revisions\/3813"}],"wp:attachment":[{"href":"https:\/\/www.join4joy.eu\/de\/wp-json\/wp\/v2\/media?parent=2389"}],"curies":[{"name":"wp","href":"https:\/\/api.w.org\/{rel}","templated":true}]}}