{"id":2385,"date":"2019-12-02T09:32:22","date_gmt":"2019-12-02T08:32:22","guid":{"rendered":"https:\/\/www.join4joy.eu\/das-projekt\/"},"modified":"2025-03-27T09:27:01","modified_gmt":"2025-03-27T08:27:01","slug":"das-projekt","status":"publish","type":"page","link":"https:\/\/www.join4joy.eu\/de\/das-projekt\/","title":{"rendered":"Das Projekt"},"content":{"rendered":"\t\t<div data-elementor-type=\"wp-page\" data-elementor-id=\"2385\" class=\"elementor elementor-2385 elementor-21\" data-elementor-settings=\"{&quot;element_pack_global_tooltip_width&quot;:{&quot;unit&quot;:&quot;px&quot;,&quot;size&quot;:&quot;&quot;,&quot;sizes&quot;:[]},&quot;element_pack_global_tooltip_width_tablet&quot;:{&quot;unit&quot;:&quot;px&quot;,&quot;size&quot;:&quot;&quot;,&quot;sizes&quot;:[]},&quot;element_pack_global_tooltip_width_mobile&quot;:{&quot;unit&quot;:&quot;px&quot;,&quot;size&quot;:&quot;&quot;,&quot;sizes&quot;:[]},&quot;element_pack_global_tooltip_padding&quot;:{&quot;unit&quot;:&quot;px&quot;,&quot;top&quot;:&quot;&quot;,&quot;right&quot;:&quot;&quot;,&quot;bottom&quot;:&quot;&quot;,&quot;left&quot;:&quot;&quot;,&quot;isLinked&quot;:true},&quot;element_pack_global_tooltip_padding_tablet&quot;:{&quot;unit&quot;:&quot;px&quot;,&quot;top&quot;:&quot;&quot;,&quot;right&quot;:&quot;&quot;,&quot;bottom&quot;:&quot;&quot;,&quot;left&quot;:&quot;&quot;,&quot;isLinked&quot;:true},&quot;element_pack_global_tooltip_padding_mobile&quot;:{&quot;unit&quot;:&quot;px&quot;,&quot;top&quot;:&quot;&quot;,&quot;right&quot;:&quot;&quot;,&quot;bottom&quot;:&quot;&quot;,&quot;left&quot;:&quot;&quot;,&quot;isLinked&quot;:true},&quot;element_pack_global_tooltip_border_radius&quot;:{&quot;unit&quot;:&quot;px&quot;,&quot;top&quot;:&quot;&quot;,&quot;right&quot;:&quot;&quot;,&quot;bottom&quot;:&quot;&quot;,&quot;left&quot;:&quot;&quot;,&quot;isLinked&quot;:true},&quot;element_pack_global_tooltip_border_radius_tablet&quot;:{&quot;unit&quot;:&quot;px&quot;,&quot;top&quot;:&quot;&quot;,&quot;right&quot;:&quot;&quot;,&quot;bottom&quot;:&quot;&quot;,&quot;left&quot;:&quot;&quot;,&quot;isLinked&quot;:true},&quot;element_pack_global_tooltip_border_radius_mobile&quot;:{&quot;unit&quot;:&quot;px&quot;,&quot;top&quot;:&quot;&quot;,&quot;right&quot;:&quot;&quot;,&quot;bottom&quot;:&quot;&quot;,&quot;left&quot;:&quot;&quot;,&quot;isLinked&quot;:true}}\" data-elementor-post-type=\"page\">\n\t\t\t\t\t\t<section class=\"elementor-section elementor-top-section elementor-element elementor-element-3b5371a elementor-section-boxed elementor-section-height-default elementor-section-height-default\" data-id=\"3b5371a\" data-element_type=\"section\" data-e-type=\"section\" data-settings=\"{&quot;background_background&quot;:&quot;classic&quot;}\">\n\t\t\t\t\t\t<div class=\"elementor-container elementor-column-gap-no\">\n\t\t\t\t\t<div class=\"elementor-column elementor-col-100 elementor-top-column elementor-element elementor-element-7c88122\" data-id=\"7c88122\" data-element_type=\"column\" data-e-type=\"column\" data-settings=\"{&quot;background_background&quot;:&quot;classic&quot;}\">\n\t\t\t<div class=\"elementor-widget-wrap elementor-element-populated\">\n\t\t\t\t\t\t\t<\/div>\n\t\t<\/div>\n\t\t\t\t\t<\/div>\n\t\t<\/section>\n\t\t\t\t<section class=\"elementor-section elementor-top-section elementor-element elementor-element-2f21aff elementor-section-boxed elementor-section-height-default elementor-section-height-default\" data-id=\"2f21aff\" data-element_type=\"section\" data-e-type=\"section\" data-settings=\"{&quot;background_background&quot;:&quot;classic&quot;,&quot;shape_divider_top&quot;:&quot;book&quot;}\">\n\t\t\t\t\t<div class=\"elementor-shape elementor-shape-top\" aria-hidden=\"true\" data-negative=\"false\">\n\t\t\t<svg xmlns=\"http:\/\/www.w3.org\/2000\/svg\" viewBox=\"0 0 1000 100\" preserveAspectRatio=\"none\">\n\t<path class=\"elementor-shape-fill\" d=\"M194,99c186.7,0.7,305-78.3,306-97.2c1,18.9,119.3,97.9,306,97.2c114.3-0.3,194,0.3,194,0.3s0-91.7,0-100c0,0,0,0,0-0 L0,0v99.3C0,99.3,79.7,98.7,194,99z\"\/>\n<\/svg>\t\t<\/div>\n\t\t\t\t\t<div class=\"elementor-container elementor-column-gap-default\">\n\t\t\t\t\t<div class=\"elementor-column elementor-col-100 elementor-top-column elementor-element elementor-element-d8d0804\" data-id=\"d8d0804\" data-element_type=\"column\" data-e-type=\"column\">\n\t\t\t<div class=\"elementor-widget-wrap elementor-element-populated\">\n\t\t\t\t\t\t<div class=\"elementor-element elementor-element-8a3260f elementor-widget elementor-widget-text-editor\" data-id=\"8a3260f\" data-element_type=\"widget\" data-e-type=\"widget\" data-widget_type=\"text-editor.default\">\n\t\t\t\t<div class=\"elementor-widget-container\">\n\t\t\t\t\t\t\t\t\t<p>Das Projekt <strong>JOIN4JOY<\/strong> zielt darauf ab, die k\u00f6rperliche Aktivit\u00e4t \u00e4lterer Erwachsener mit geringeren Teilnahmem\u00f6glichkeiten zu f\u00f6rdern, indem die Programme an ihre spezifischen Bed\u00fcrfnisse angepasst werden. Durch eine umfassende, auf Spa\u00df basierende Strategie versuchen wir, Barrieren zu \u00fcberwinden und einen gleichberechtigten Zugang zu k\u00f6rperlicher Bet\u00e4tigung zu gew\u00e4hrleisten, um letztlich ihre Lebensqualit\u00e4t aus einer biopsychosozialen und integrativen Perspektive zu verbessern. <\/p>\n<p><strong>F\u00fcr wen ist JOIN4JOY gedacht?<\/strong><\/p>\n<ul>\n<li><strong>Intervention<\/strong>: \u00c4ltere Erwachsene (65+), die in der Gemeinde leben und sozio\u00f6konomische oder soziale Probleme haben (<em>Join4Joy-Comm<\/em>), sowie Personen, die in Pflegeheimen leben (<em>Join4Joy-NH<\/em>).<\/li>\n<li><strong>Ausbildung<\/strong>: Fachleute aus den Bereichen Gesundheit und Bewegung sowie Studenten, die in diesen Bereichen ausgebildet werden.<\/li>\n<\/ul>\n<p><strong>Strategie und Aktivit\u00e4ten<\/strong><\/p>\n<p>Das Projekt wurde in verschiedenen Phasen durchgef\u00fchrt, um seine Wirkung und Nachhaltigkeit zu gew\u00e4hrleisten:<\/p>\n<ul>\n<li><strong>Ko-Kreation<\/strong>: Ein gemeinschaftlicher Prozess, an dem \u00e4ltere Erwachsene, Fachleute, informelle Betreuer, Forscher und Studenten beteiligt sind, um ein auf ihre Bed\u00fcrfnisse zugeschnittenes Programm zu entwickeln.<\/li>\n<li><strong>Erstausbildung<\/strong>: Alle Moderatoren und studentischen Hilfskr\u00e4fte wurden im Join4Joy-Ansatz geschult, um individuellere, integrative und angenehme Interventionen zu f\u00f6rdern.<\/li>\n<li><strong>Pilotstudien 1 &amp; 2<\/strong>: Der Join4Joy-Ansatz wurde in verschiedenen europ\u00e4ischen Einrichtungen getestet, wobei die wichtigsten Erkenntnisse integriert und an die lokalen Gegebenheiten angepasst wurden. Die Pilotstudien zielten darauf ab, die Durchf\u00fchrbarkeit zu bewerten und wurden mit Hilfe eines gemischten Methodenansatzes evaluiert, der sowohl quantitative als auch qualitative Analysen umfasste. Erfahren Sie mehr \u00fcber das <a href=\"https:\/\/bmjopen.bmj.com\/content\/14\/7\/e083291\">methodische Projektprotokoll von Join4Joy<\/a>.  <\/li>\n<li><strong>Kaskadenschulung<\/strong>: Als Ergebnis des Co-Creation-Prozesses und der wissenschaftlichen Erkenntnisse bietet das Projekt das <strong>Join4Joy Educational Training<\/strong> an, einen kostenlosen Online-Kurs. Jeder Berufst\u00e4tige oder Student, der sich f\u00fcr aktives Altern interessiert, kann den Zugang beantragen. <strong>Kursdauer<\/strong>: 2 Stunden, aufgeteilt in kurze Module von 5-10 Minuten. Klicken Sie auf den Link, um weitere Informationen zu erhalten.  <\/li>\n<li><strong>Virtuelle Gemeinschaften der Praxis (VCoPs)<\/strong>: Digitale R\u00e4ume, in denen Fachleute, Studenten und Teilnehmer Wissen und Erfahrungen austauschen k\u00f6nnen.<\/li>\n<\/ul>\n<p>Die Auswirkungen des Projekts werden auf europ\u00e4ischer Ebene bewertet, um seine Wiederholbarkeit und Skalierbarkeit zu gew\u00e4hrleisten und einen gerechteren Zugang zu k\u00f6rperlicher Bet\u00e4tigung f\u00fcr \u00e4ltere Erwachsene zu f\u00f6rdern.<\/p>\n\t\t\t\t\t\t\t\t<\/div>\n\t\t\t\t<\/div>\n\t\t\t\t\t<\/div>\n\t\t<\/div>\n\t\t\t\t\t<\/div>\n\t\t<\/section>\n\t\t\t\t<\/div>\n\t\t","protected":false},"excerpt":{"rendered":"<p>Das Projekt JOIN4JOY zielt darauf ab, die k\u00f6rperliche Aktivit\u00e4t \u00e4lterer Erwachsener mit geringeren Teilnahmem\u00f6glichkeiten zu f\u00f6rdern, indem die Programme an ihre spezifischen Bed\u00fcrfnisse angepasst werden. Durch eine umfassende, auf Spa\u00df basierende Strategie versuchen wir, Barrieren zu \u00fcberwinden und einen gleichberechtigten Zugang zu k\u00f6rperlicher Bet\u00e4tigung zu gew\u00e4hrleisten, um letztlich ihre Lebensqualit\u00e4t aus einer biopsychosozialen und integrativen [&hellip;]<\/p>\n","protected":false},"author":4,"featured_media":0,"parent":0,"menu_order":0,"comment_status":"closed","ping_status":"closed","template":"","meta":{"_monsterinsights_skip_tracking":false,"_monsterinsights_sitenote_active":false,"_monsterinsights_sitenote_note":"","_monsterinsights_sitenote_category":0,"footnotes":""},"class_list":["post-2385","page","type-page","status-publish","hentry"],"_links":{"self":[{"href":"https:\/\/www.join4joy.eu\/de\/wp-json\/wp\/v2\/pages\/2385","targetHints":{"allow":["GET"]}}],"collection":[{"href":"https:\/\/www.join4joy.eu\/de\/wp-json\/wp\/v2\/pages"}],"about":[{"href":"https:\/\/www.join4joy.eu\/de\/wp-json\/wp\/v2\/types\/page"}],"author":[{"embeddable":true,"href":"https:\/\/www.join4joy.eu\/de\/wp-json\/wp\/v2\/users\/4"}],"replies":[{"embeddable":true,"href":"https:\/\/www.join4joy.eu\/de\/wp-json\/wp\/v2\/comments?post=2385"}],"version-history":[{"count":13,"href":"https:\/\/www.join4joy.eu\/de\/wp-json\/wp\/v2\/pages\/2385\/revisions"}],"predecessor-version":[{"id":3467,"href":"https:\/\/www.join4joy.eu\/de\/wp-json\/wp\/v2\/pages\/2385\/revisions\/3467"}],"wp:attachment":[{"href":"https:\/\/www.join4joy.eu\/de\/wp-json\/wp\/v2\/media?parent=2385"}],"curies":[{"name":"wp","href":"https:\/\/api.w.org\/{rel}","templated":true}]}}