{"id":2383,"date":"2022-11-29T10:42:11","date_gmt":"2022-11-29T09:42:11","guid":{"rendered":"https:\/\/www.join4joy.eu\/hintergrund\/"},"modified":"2023-09-04T15:23:16","modified_gmt":"2023-09-04T14:23:16","slug":"hintergrund","status":"publish","type":"page","link":"https:\/\/www.join4joy.eu\/de\/hintergrund\/","title":{"rendered":"Hintergrund"},"content":{"rendered":"\t\t<div data-elementor-type=\"wp-page\" data-elementor-id=\"2383\" class=\"elementor elementor-2383 elementor-1852\" data-elementor-settings=\"{&quot;element_pack_global_tooltip_width&quot;:{&quot;unit&quot;:&quot;px&quot;,&quot;size&quot;:&quot;&quot;,&quot;sizes&quot;:[]},&quot;element_pack_global_tooltip_width_tablet&quot;:{&quot;unit&quot;:&quot;px&quot;,&quot;size&quot;:&quot;&quot;,&quot;sizes&quot;:[]},&quot;element_pack_global_tooltip_width_mobile&quot;:{&quot;unit&quot;:&quot;px&quot;,&quot;size&quot;:&quot;&quot;,&quot;sizes&quot;:[]},&quot;element_pack_global_tooltip_padding&quot;:{&quot;unit&quot;:&quot;px&quot;,&quot;top&quot;:&quot;&quot;,&quot;right&quot;:&quot;&quot;,&quot;bottom&quot;:&quot;&quot;,&quot;left&quot;:&quot;&quot;,&quot;isLinked&quot;:true},&quot;element_pack_global_tooltip_padding_tablet&quot;:{&quot;unit&quot;:&quot;px&quot;,&quot;top&quot;:&quot;&quot;,&quot;right&quot;:&quot;&quot;,&quot;bottom&quot;:&quot;&quot;,&quot;left&quot;:&quot;&quot;,&quot;isLinked&quot;:true},&quot;element_pack_global_tooltip_padding_mobile&quot;:{&quot;unit&quot;:&quot;px&quot;,&quot;top&quot;:&quot;&quot;,&quot;right&quot;:&quot;&quot;,&quot;bottom&quot;:&quot;&quot;,&quot;left&quot;:&quot;&quot;,&quot;isLinked&quot;:true},&quot;element_pack_global_tooltip_border_radius&quot;:{&quot;unit&quot;:&quot;px&quot;,&quot;top&quot;:&quot;&quot;,&quot;right&quot;:&quot;&quot;,&quot;bottom&quot;:&quot;&quot;,&quot;left&quot;:&quot;&quot;,&quot;isLinked&quot;:true},&quot;element_pack_global_tooltip_border_radius_tablet&quot;:{&quot;unit&quot;:&quot;px&quot;,&quot;top&quot;:&quot;&quot;,&quot;right&quot;:&quot;&quot;,&quot;bottom&quot;:&quot;&quot;,&quot;left&quot;:&quot;&quot;,&quot;isLinked&quot;:true},&quot;element_pack_global_tooltip_border_radius_mobile&quot;:{&quot;unit&quot;:&quot;px&quot;,&quot;top&quot;:&quot;&quot;,&quot;right&quot;:&quot;&quot;,&quot;bottom&quot;:&quot;&quot;,&quot;left&quot;:&quot;&quot;,&quot;isLinked&quot;:true}}\" data-elementor-post-type=\"page\">\n\t\t\t\t\t\t<section class=\"elementor-section elementor-top-section elementor-element elementor-element-48fa36d elementor-section-boxed elementor-section-height-default elementor-section-height-default\" data-id=\"48fa36d\" data-element_type=\"section\" data-e-type=\"section\" data-settings=\"{&quot;background_background&quot;:&quot;classic&quot;}\">\n\t\t\t\t\t\t<div class=\"elementor-container elementor-column-gap-no\">\n\t\t\t\t\t<div class=\"elementor-column elementor-col-100 elementor-top-column elementor-element elementor-element-a81f60b\" data-id=\"a81f60b\" data-element_type=\"column\" data-e-type=\"column\" data-settings=\"{&quot;background_background&quot;:&quot;classic&quot;}\">\n\t\t\t<div class=\"elementor-widget-wrap elementor-element-populated\">\n\t\t\t\t\t\t\t<\/div>\n\t\t<\/div>\n\t\t\t\t\t<\/div>\n\t\t<\/section>\n\t\t\t\t<section class=\"elementor-section elementor-top-section elementor-element elementor-element-ebd3040 elementor-section-boxed elementor-section-height-default elementor-section-height-default\" data-id=\"ebd3040\" data-element_type=\"section\" data-e-type=\"section\" data-settings=\"{&quot;background_background&quot;:&quot;classic&quot;,&quot;shape_divider_top&quot;:&quot;book&quot;}\">\n\t\t\t\t\t<div class=\"elementor-shape elementor-shape-top\" aria-hidden=\"true\" data-negative=\"false\">\n\t\t\t<svg xmlns=\"http:\/\/www.w3.org\/2000\/svg\" viewBox=\"0 0 1000 100\" preserveAspectRatio=\"none\">\n\t<path class=\"elementor-shape-fill\" d=\"M194,99c186.7,0.7,305-78.3,306-97.2c1,18.9,119.3,97.9,306,97.2c114.3-0.3,194,0.3,194,0.3s0-91.7,0-100c0,0,0,0,0-0 L0,0v99.3C0,99.3,79.7,98.7,194,99z\"\/>\n<\/svg>\t\t<\/div>\n\t\t\t\t\t<div class=\"elementor-container elementor-column-gap-default\">\n\t\t\t\t\t<div class=\"elementor-column elementor-col-100 elementor-top-column elementor-element elementor-element-d43adff\" data-id=\"d43adff\" data-element_type=\"column\" data-e-type=\"column\">\n\t\t\t<div class=\"elementor-widget-wrap elementor-element-populated\">\n\t\t\t\t\t\t<div class=\"elementor-element elementor-element-e9945c2 elementor-widget elementor-widget-text-editor\" data-id=\"e9945c2\" data-element_type=\"widget\" data-e-type=\"widget\" data-widget_type=\"text-editor.default\">\n\t\t\t\t<div class=\"elementor-widget-container\">\n\t\t\t\t\t\t\t\t\t<p>In der EU <strong>sind 19 % der Bev\u00f6lkerung 65 Jahre oder \u00e4lter (Eurostat, 2020).<\/strong> Bis zum Jahr 2100 wird erwartet, dass die Zahl der \u00fcber 80-J\u00e4hrigen um 15 % zunehmen wird. Mit zunehmendem Alter steigt das Risiko f\u00fcr eine Verschlechterung der Funktionalit\u00e4t und Kognition sowie die H\u00e4ufigkeit chronischer Krankheiten und Komorbidit\u00e4ten (Kirkland, 2013).<\/p>\n<p>Da der Druck zur Bew\u00e4ltigung der zus\u00e4tzlichen Gesundheits- und Sozialkosten im Zusammenhang mit der alternden Bev\u00f6lkerung und der Belastung durch chronische Krankheiten zunimmt, ist eine sorgf\u00e4ltige Planung pr\u00e4ventiver und nachhaltiger Programme gerechtfertigt.<\/p>\n<p><strong>K\u00f6rperliche Aktivit\u00e4t (KA)<\/strong> gilt als eine der wirksamsten nicht-pharmakologischen Behandlungen f\u00fcr nicht-\u00fcbertragbare Krankheiten (Santanasto, 2017), und ein h\u00f6heres Ma\u00df an KA wird mit einem besseren Verlauf f\u00fcr gesundes Altern in Verbindung gebracht (Daskalopoulou,2017).<\/p>\n<p>Dennoch sind \u00e4ltere Erwachsene die am wenigsten aktive Gruppe, denn nur etwa 11% erf\u00fcllen die aktuellen KA-Empfehlungen (Gomes et al., 2017). Es ist auch gezeigt worden, dass sitzende Personen von kurzen \u00fcber den Tag verteilten Aktivit\u00e4tsperioden , die etwa 1-10 Minuten dauern, profitieren (McPhee, 2016; Powell, 2011; Healy, 2008).<\/p>\n<p><strong>Sedent\u00e4res Verhalten<\/strong> (SV), definiert als jede Aktivit\u00e4t im Wachzustand in sitzender, liegender oder ruhender Haltung, bei der der Energieverbrauch &lt;1,5 metabolische \u00c4quivalente betr\u00e4gt) (Tremblay, 2017),&lt; scheint einen unabh\u00e4ngigen, aber negativen Effekt auf die Trajektorien zu haben. SV wurde mit einem erh\u00f6hten Risiko f\u00fcr Fettleibigkeit, Herz-Kreislauf-Erkrankungen, Krebs, Diabetes, Gesamtmortalit\u00e4t sowie eingeschr\u00e4nkter Mobilit\u00e4t und sozialer Interaktion in Verbindung gebracht (Copeland, Ashe, Biddle, et al, 2017). <\/p>\n<p>Im Jahr 2015 war in Westeuropa ein Mangel an KA der viertwichtigste Risikofaktor f\u00fcr die Sterblichkeit, der zu etwa 3 Millionen Todesf\u00e4llen f\u00fchrte (Kahlmeier, 2015). SV hat in den letzten drei Jahrzehnten erheblich zugenommen, und es wird immer wieder berichtet, dass sie mit dem Alter zunimmt (Van Ballegooijen, 2019).<\/p>\n<p>KA und Bewegungsprogramme werden h\u00e4ufig in Gruppen durchgef\u00fchrt und sind eine gute Gelegenheit f\u00fcr die Teilnehmer, um soziale Kontakte zu kn\u00fcpfen, unterst\u00fctzende Beziehungen aufzubauen und sozial integriert zu werden.<\/p>\n<p>Dar\u00fcber hinaus verbessert KA das psychologische und emotionale Wohlbefinden, was zu direkten gesundheitlichen Vorteilen f\u00fchrt, die auf dem in der Literatur beschriebenen &#8222;Wohlf\u00fchleffekt&#8220; von Bewegung beruhen (Hyde, 2011).<\/p>\n<p>Gem\u00e4\u00df der Broaden-and-Build-Theorie positiver Emotionen erzeugen angenehme Formen von KA Gl\u00fcck und bringen positive Emotionen, die wiederum mit der Verringerung der Einsamkeit in Verbindung gebracht werden k\u00f6nnten (Newall, 2013).<\/p>\n<p>Obwohl es immer mehr Belege daf\u00fcr gibt, dass Spa\u00df an der Bewegung ein Schl\u00fcsselelement f\u00fcr die Einhaltung und Aufrechterhaltung von KA-Programmen sein kann, stand diese Komponente bisher nur selten im Mittelpunkt von KA-Programmen f\u00fcr \u00e4ltere Erwachsene. Da der Inhalt der Programme durch den Fokus auf den funktionellen Nutzen von KA zur Vermeidung von altersbedingten Behinderungen bestimmt wurde. <\/p>\n<p>Schlie\u00dflich stehen bei \u00e4lteren Menschen mit sozialen, kulturellen, wirtschaftlichen und bildungsbezogenen Barrieren sowie mit Barrieren bedingt mit Barrieren mitbedingt durch Behinderungen, Gesundheitsproblemen und Diskriminierung, unzureichende k\u00f6rperliche Aktivit\u00e4t und Bewegungsmangel aus verschiedenen Gr\u00fcnden in Zusammenhang. Insbesondere \u00e4ltere Frauen, Menschen mit niedrigem sozio\u00f6konomischem Niveau, Pfleger und \u00e4ltere Menschen, die ethnischen Minderheiten angeh\u00f6ren, geh\u00f6ren zu denjenigen, die weniger Zugang zu KA-Programmen haben, und waren bisher nur selten ein spezifisches Ziel von KA-Programmen.<\/p>\n<p>Es wird auch \u00fcber geschlechtsspezifische Unterschiede berichtet, sodass Frauen in Europa weniger k\u00f6rperlich aktiv als M\u00e4nner sein sollen (Van Tuyckom et al. 2012; Van Tuyckom und Scheerder, 2010; Hovermann und Wicker, 2009; Hartmann-Tews, 2006; Van Bottenburg et al. 2005; R\u00fctten und Abdu-Omar, 2004).<\/p>\n\t\t\t\t\t\t\t\t<\/div>\n\t\t\t\t<\/div>\n\t\t\t\t\t<\/div>\n\t\t<\/div>\n\t\t\t\t\t<\/div>\n\t\t<\/section>\n\t\t\t\t<\/div>\n\t\t","protected":false},"excerpt":{"rendered":"<p>In der EU sind 19 % der Bev\u00f6lkerung 65 Jahre oder \u00e4lter (Eurostat, 2020). Bis zum Jahr 2100 wird erwartet, dass die Zahl der \u00fcber 80-J\u00e4hrigen um 15 % zunehmen wird. Mit zunehmendem Alter steigt das Risiko f\u00fcr eine Verschlechterung der Funktionalit\u00e4t und Kognition sowie die H\u00e4ufigkeit chronischer Krankheiten und Komorbidit\u00e4ten (Kirkland, 2013). Da der [&hellip;]<\/p>\n","protected":false},"author":4,"featured_media":0,"parent":0,"menu_order":0,"comment_status":"closed","ping_status":"closed","template":"","meta":{"_monsterinsights_skip_tracking":false,"_monsterinsights_sitenote_active":false,"_monsterinsights_sitenote_note":"","_monsterinsights_sitenote_category":0,"footnotes":""},"class_list":["post-2383","page","type-page","status-publish","hentry"],"_links":{"self":[{"href":"https:\/\/www.join4joy.eu\/de\/wp-json\/wp\/v2\/pages\/2383","targetHints":{"allow":["GET"]}}],"collection":[{"href":"https:\/\/www.join4joy.eu\/de\/wp-json\/wp\/v2\/pages"}],"about":[{"href":"https:\/\/www.join4joy.eu\/de\/wp-json\/wp\/v2\/types\/page"}],"author":[{"embeddable":true,"href":"https:\/\/www.join4joy.eu\/de\/wp-json\/wp\/v2\/users\/4"}],"replies":[{"embeddable":true,"href":"https:\/\/www.join4joy.eu\/de\/wp-json\/wp\/v2\/comments?post=2383"}],"version-history":[{"count":9,"href":"https:\/\/www.join4joy.eu\/de\/wp-json\/wp\/v2\/pages\/2383\/revisions"}],"predecessor-version":[{"id":2617,"href":"https:\/\/www.join4joy.eu\/de\/wp-json\/wp\/v2\/pages\/2383\/revisions\/2617"}],"wp:attachment":[{"href":"https:\/\/www.join4joy.eu\/de\/wp-json\/wp\/v2\/media?parent=2383"}],"curies":[{"name":"wp","href":"https:\/\/api.w.org\/{rel}","templated":true}]}}