{"id":3486,"date":"2025-03-27T09:27:56","date_gmt":"2025-03-27T08:27:56","guid":{"rendered":"https:\/\/www.join4joy.eu\/gratis-kursus\/"},"modified":"2025-05-15T07:53:24","modified_gmt":"2025-05-15T06:53:24","slug":"gratis-kursus","status":"publish","type":"page","link":"https:\/\/www.join4joy.eu\/da\/gratis-kursus\/","title":{"rendered":"GRATIS KURSUS"},"content":{"rendered":"\t\t<div data-elementor-type=\"wp-page\" data-elementor-id=\"3486\" class=\"elementor elementor-3486 elementor-3468\" data-elementor-settings=\"{&quot;element_pack_global_tooltip_width&quot;:{&quot;unit&quot;:&quot;px&quot;,&quot;size&quot;:&quot;&quot;,&quot;sizes&quot;:[]},&quot;element_pack_global_tooltip_width_tablet&quot;:{&quot;unit&quot;:&quot;px&quot;,&quot;size&quot;:&quot;&quot;,&quot;sizes&quot;:[]},&quot;element_pack_global_tooltip_width_mobile&quot;:{&quot;unit&quot;:&quot;px&quot;,&quot;size&quot;:&quot;&quot;,&quot;sizes&quot;:[]},&quot;element_pack_global_tooltip_padding&quot;:{&quot;unit&quot;:&quot;px&quot;,&quot;top&quot;:&quot;&quot;,&quot;right&quot;:&quot;&quot;,&quot;bottom&quot;:&quot;&quot;,&quot;left&quot;:&quot;&quot;,&quot;isLinked&quot;:true},&quot;element_pack_global_tooltip_padding_tablet&quot;:{&quot;unit&quot;:&quot;px&quot;,&quot;top&quot;:&quot;&quot;,&quot;right&quot;:&quot;&quot;,&quot;bottom&quot;:&quot;&quot;,&quot;left&quot;:&quot;&quot;,&quot;isLinked&quot;:true},&quot;element_pack_global_tooltip_padding_mobile&quot;:{&quot;unit&quot;:&quot;px&quot;,&quot;top&quot;:&quot;&quot;,&quot;right&quot;:&quot;&quot;,&quot;bottom&quot;:&quot;&quot;,&quot;left&quot;:&quot;&quot;,&quot;isLinked&quot;:true},&quot;element_pack_global_tooltip_border_radius&quot;:{&quot;unit&quot;:&quot;px&quot;,&quot;top&quot;:&quot;&quot;,&quot;right&quot;:&quot;&quot;,&quot;bottom&quot;:&quot;&quot;,&quot;left&quot;:&quot;&quot;,&quot;isLinked&quot;:true},&quot;element_pack_global_tooltip_border_radius_tablet&quot;:{&quot;unit&quot;:&quot;px&quot;,&quot;top&quot;:&quot;&quot;,&quot;right&quot;:&quot;&quot;,&quot;bottom&quot;:&quot;&quot;,&quot;left&quot;:&quot;&quot;,&quot;isLinked&quot;:true},&quot;element_pack_global_tooltip_border_radius_mobile&quot;:{&quot;unit&quot;:&quot;px&quot;,&quot;top&quot;:&quot;&quot;,&quot;right&quot;:&quot;&quot;,&quot;bottom&quot;:&quot;&quot;,&quot;left&quot;:&quot;&quot;,&quot;isLinked&quot;:true}}\" data-elementor-post-type=\"page\">\n\t\t\t\t\t\t<section class=\"elementor-section elementor-top-section elementor-element elementor-element-e23c17f elementor-section-boxed elementor-section-height-default elementor-section-height-default\" data-id=\"e23c17f\" data-element_type=\"section\" data-e-type=\"section\" data-settings=\"{&quot;background_background&quot;:&quot;classic&quot;}\">\n\t\t\t\t\t\t<div class=\"elementor-container elementor-column-gap-no\">\n\t\t\t\t\t<div class=\"elementor-column elementor-col-100 elementor-top-column elementor-element elementor-element-81b6bea\" data-id=\"81b6bea\" data-element_type=\"column\" data-e-type=\"column\" data-settings=\"{&quot;background_background&quot;:&quot;classic&quot;}\">\n\t\t\t<div class=\"elementor-widget-wrap elementor-element-populated\">\n\t\t\t\t\t\t\t<\/div>\n\t\t<\/div>\n\t\t\t\t\t<\/div>\n\t\t<\/section>\n\t\t\t\t<section class=\"elementor-section elementor-top-section elementor-element elementor-element-5e68d9e elementor-section-boxed elementor-section-height-default elementor-section-height-default\" data-id=\"5e68d9e\" data-element_type=\"section\" data-e-type=\"section\" data-settings=\"{&quot;background_background&quot;:&quot;classic&quot;,&quot;shape_divider_top&quot;:&quot;book&quot;}\">\n\t\t\t\t\t<div class=\"elementor-shape elementor-shape-top\" aria-hidden=\"true\" data-negative=\"false\">\n\t\t\t<svg xmlns=\"http:\/\/www.w3.org\/2000\/svg\" viewBox=\"0 0 1000 100\" preserveAspectRatio=\"none\">\n\t<path class=\"elementor-shape-fill\" d=\"M194,99c186.7,0.7,305-78.3,306-97.2c1,18.9,119.3,97.9,306,97.2c114.3-0.3,194,0.3,194,0.3s0-91.7,0-100c0,0,0,0,0-0 L0,0v99.3C0,99.3,79.7,98.7,194,99z\"\/>\n<\/svg>\t\t<\/div>\n\t\t\t\t\t<div class=\"elementor-container elementor-column-gap-default\">\n\t\t\t\t\t<div class=\"elementor-column elementor-col-100 elementor-top-column elementor-element elementor-element-7076eda\" data-id=\"7076eda\" data-element_type=\"column\" data-e-type=\"column\">\n\t\t\t<div class=\"elementor-widget-wrap elementor-element-populated\">\n\t\t\t\t\t\t<div class=\"elementor-element elementor-element-4fae12c elementor-widget elementor-widget-text-editor\" data-id=\"4fae12c\" data-element_type=\"widget\" data-e-type=\"widget\" data-widget_type=\"text-editor.default\">\n\t\t\t\t<div class=\"elementor-widget-container\">\n\t\t\t\t\t\t\t\t\t<p>Dette kursus er for dig, hvis du har en tidligere uddannelse eller erfaring med at arbejde med \u00e6ldre. Det henvender sig is\u00e6r til kandidater i sundheds- eller idr\u00e6tsvidenskab, men ogs\u00e5 til sygeplejersker, sygehj\u00e6lpere, ergoterapeuter, fysiske tr\u00e6nere og studerende, der \u00f8nsker at f\u00e5 et bredere perspektiv p\u00e5 PA-interventioner med \u00e6ldre.<\/p><p>Hvad best\u00e5r <span style=\"color: #000000;\"><strong>JOIN4JOY<\/strong><\/span> online-uddannelsen af?<\/p><p>Kurset er struktureret omkring <strong>10 korte videokapsler<\/strong> plus 2 valgfrie kapsler. Hver kapsel er ca. 8 minutter lang. Den samlede varighed af kurset er ansl\u00e5et til 2 timer. Gennemf\u00f8relse af kurset f\u00f8rer til opn\u00e5else af en Educational Batch (diplom) fra Universitat de Vic.<\/p>\t\t\t\t\t\t\t\t<\/div>\n\t\t\t\t<\/div>\n\t\t\t\t\t<\/div>\n\t\t<\/div>\n\t\t\t\t\t<\/div>\n\t\t<\/section>\n\t\t\t\t<section class=\"elementor-section elementor-top-section elementor-element elementor-element-f22f047 elementor-section-boxed elementor-section-height-default elementor-section-height-default\" data-id=\"f22f047\" data-element_type=\"section\" data-e-type=\"section\">\n\t\t\t\t\t\t<div class=\"elementor-container elementor-column-gap-default\">\n\t\t\t\t\t<div class=\"elementor-column elementor-col-100 elementor-top-column elementor-element elementor-element-c99c581\" data-id=\"c99c581\" data-element_type=\"column\" data-e-type=\"column\">\n\t\t\t<div class=\"elementor-widget-wrap elementor-element-populated\">\n\t\t\t\t\t\t<div class=\"elementor-element elementor-element-0154cf2 elementor-widget elementor-widget-image\" data-id=\"0154cf2\" data-element_type=\"widget\" data-e-type=\"widget\" data-widget_type=\"image.default\">\n\t\t\t\t<div class=\"elementor-widget-container\">\n\t\t\t\t\t\t\t\t\t\t\t\t\t\t\t<img fetchpriority=\"high\" decoding=\"async\" width=\"1366\" height=\"768\" src=\"https:\/\/www.join4joy.eu\/wp-content\/uploads\/2025\/03\/Captura-de-pantalla-417-e1743751253712.jpg\" class=\"attachment-full size-full wp-image-3472\" alt=\"\" \/>\t\t\t\t\t\t\t\t\t\t\t\t\t\t\t<\/div>\n\t\t\t\t<\/div>\n\t\t\t\t\t<\/div>\n\t\t<\/div>\n\t\t\t\t\t<\/div>\n\t\t<\/section>\n\t\t\t\t<section class=\"elementor-section elementor-top-section elementor-element elementor-element-fc0b33b elementor-section-boxed elementor-section-height-default elementor-section-height-default\" data-id=\"fc0b33b\" data-element_type=\"section\" data-e-type=\"section\" data-settings=\"{&quot;background_background&quot;:&quot;classic&quot;}\">\n\t\t\t\t\t\t<div class=\"elementor-container elementor-column-gap-default\">\n\t\t\t\t\t<div class=\"elementor-column elementor-col-100 elementor-top-column elementor-element elementor-element-e15117c\" data-id=\"e15117c\" data-element_type=\"column\" data-e-type=\"column\">\n\t\t\t<div class=\"elementor-widget-wrap elementor-element-populated\">\n\t\t\t\t\t\t<div class=\"elementor-element elementor-element-9623451 elementor-widget elementor-widget-text-editor\" data-id=\"9623451\" data-element_type=\"widget\" data-e-type=\"widget\" data-widget_type=\"text-editor.default\">\n\t\t\t\t<div class=\"elementor-widget-container\">\n\t\t\t\t\t\t\t\t\t<p><u>Indholdet omfatter:<\/u><\/p><p>&#8211; Fysisk aktivitet og aldring<\/p><p>&#8211; Gennemf\u00f8relse af interviews for forbedret personcentreret pleje<\/p><p>&#8211; Etablering af fleksible, meningsfulde og konsensusbaserede forl\u00f8bsplaner<\/p><p>&#8211; Brug af gamification-strategier til at \u00f8ge deltagernes engagement<\/p><p>&#8211; Fremme af langsigtet overholdelse ved at l\u00e6re og implementere teknikker til adf\u00e6rds\u00e6ndring.<\/p><p><strong>Hvad koster det at f\u00e5 adgang til <span style=\"color: #000000;\">JOIN4JOY<\/span>-kurset?<\/strong><\/p><p><span style=\"color: #000000;\"><strong>JOIN4JOY<\/strong><\/span> er et Erasmus+-projekt, som har modtaget st\u00f8tte fra Europa-Kommissionen. Vores uddannelsesforl\u00f8b er helt gratis for brugerne.<\/p><p><strong>Hvordan kan jeg tilmelde mig <span style=\"color: #000000;\">JOIN4JOY<\/span>-kurset?<\/strong><\/p><p>QR-koderne nedenfor f\u00f8rer dig til University of Vics uddannelsesplatform, der hedder Ubiqua.<\/p><p>Hvis det er f\u00f8rste gang, du er der, skal du starte med at oprette en ny brugerkonto med dine oplysninger og din foretrukne adgangskode. Du vil derefter modtage en bekr\u00e6ftelsesmail og automatisk blive registreret i Ubiqua. <br \/>G\u00e5 derefter til <span style=\"color: #000000;\"><strong>JOIN4JOY<\/strong><\/span>-kurset og f\u00e5 adgang ved hj\u00e6lp af <strong><span style=\"color: #de6a19;\">n\u00f8gleordet:<\/span><\/strong> <span style=\"color: #0c64c0;\"><strong>JOIN4JOY<\/strong><\/span>.<\/p><p>Hvis du allerede har en Ubiqua-konto, skal du blot g\u00e5 til <span style=\"color: #000000;\"><strong>JOIN4JOY<\/strong><\/span>-kurset ved at indtaste <strong><span style=\"color: #de6a19;\">n\u00f8gleordet:<\/span><\/strong> <span style=\"color: #0c64c0;\"><strong>JOIN4JOY<\/strong><\/span><\/p><p>SCAN p\u00e5 din foretrukne QR-kode, og v\u00e6r med til at skabe gl\u00e6de!<\/p>\t\t\t\t\t\t\t\t<\/div>\n\t\t\t\t<\/div>\n\t\t\t\t<div class=\"elementor-element elementor-element-b4df3c8 elementor-widget elementor-widget-text-editor\" data-id=\"b4df3c8\" data-element_type=\"widget\" data-e-type=\"widget\" data-widget_type=\"text-editor.default\">\n\t\t\t\t<div class=\"elementor-widget-container\">\n\t\t\t\t\t\t\t\t\t<p>Brug det medf\u00f8lgende LINK eller QR-kode for at f\u00e5 adgang til dit \u00f8nskede kursus<\/p><ul><li>Italiensk: <a href=\"https:\/\/ubiqua.uvic.cat\/course\/view.php?id=1209\">https:\/\/ubiqua.uvic.cat\/course\/view.php?id=1209<\/a><\/li><li>Dansk: <a href=\"https:\/\/ubiqua.uvic.cat\/course\/view.php?id=1211\">https:\/\/ubiqua.uvic.cat\/course\/view.php?id=1211<\/a>  <\/li><li>Spansk: <a href=\"https:\/\/ubiqua.uvic.cat\/course\/view.php?id=1213\">https:\/\/ubiqua.uvic.cat\/course\/view.php?id=1213<\/a>  <\/li><li>Catalansk: <a href=\"https:\/\/ubiqua.uvic.cat\/course\/view.php?id=1214\">https:\/\/ubiqua.uvic.cat\/course\/view.php?id=1214<\/a>  <\/li><li>Tysk: <a href=\"https:\/\/ubiqua.uvic.cat\/course\/view.php?id=1210\">https:\/\/ubiqua.uvic.cat\/course\/view.php?id=1210<\/a><\/li><li>Fransk: <a href=\"https:\/\/ubiqua.uvic.cat\/course\/view.php?id=1212\">https:\/\/ubiqua.uvic.cat\/course\/view.php?id=1212<\/a><\/li><li>Engelsk: <a href=\"https:\/\/ubiqua.uvic.cat\/enrol\/index.php?id=1118\">https:\/\/ubiqua.uvic.cat\/enrol\/index.php?id=1118<\/a>  <\/li><\/ul>\t\t\t\t\t\t\t\t<\/div>\n\t\t\t\t<\/div>\n\t\t\t\t\t<\/div>\n\t\t<\/div>\n\t\t\t\t\t<\/div>\n\t\t<\/section>\n\t\t\t\t<section class=\"elementor-section elementor-top-section elementor-element elementor-element-77b7283 elementor-section-boxed elementor-section-height-default elementor-section-height-default\" data-id=\"77b7283\" data-element_type=\"section\" data-e-type=\"section\">\n\t\t\t\t\t\t<div class=\"elementor-container elementor-column-gap-default\">\n\t\t\t\t\t<div class=\"elementor-column elementor-col-100 elementor-top-column elementor-element elementor-element-187dc29\" data-id=\"187dc29\" data-element_type=\"column\" data-e-type=\"column\">\n\t\t\t<div class=\"elementor-widget-wrap elementor-element-populated\">\n\t\t\t\t\t\t<div class=\"elementor-element elementor-element-d422e37 elementor-widget elementor-widget-image\" data-id=\"d422e37\" data-element_type=\"widget\" data-e-type=\"widget\" data-widget_type=\"image.default\">\n\t\t\t\t<div class=\"elementor-widget-container\">\n\t\t\t\t\t\t\t\t\t\t\t\t\t\t\t<img decoding=\"async\" width=\"2077\" height=\"567\" src=\"https:\/\/www.join4joy.eu\/wp-content\/uploads\/2025\/04\/J4J-QR-all-languages-1-1.jpg\" class=\"attachment-full size-full wp-image-3521\" alt=\"\" srcset=\"https:\/\/www.join4joy.eu\/wp-content\/uploads\/2025\/04\/J4J-QR-all-languages-1-1.jpg 2077w, https:\/\/www.join4joy.eu\/wp-content\/uploads\/2025\/04\/J4J-QR-all-languages-1-1-300x82.jpg 300w, https:\/\/www.join4joy.eu\/wp-content\/uploads\/2025\/04\/J4J-QR-all-languages-1-1-1024x280.jpg 1024w, https:\/\/www.join4joy.eu\/wp-content\/uploads\/2025\/04\/J4J-QR-all-languages-1-1-768x210.jpg 768w, https:\/\/www.join4joy.eu\/wp-content\/uploads\/2025\/04\/J4J-QR-all-languages-1-1-1536x419.jpg 1536w, https:\/\/www.join4joy.eu\/wp-content\/uploads\/2025\/04\/J4J-QR-all-languages-1-1-2048x559.jpg 2048w\" sizes=\"(max-width: 2077px) 100vw, 2077px\" \/>\t\t\t\t\t\t\t\t\t\t\t\t\t\t\t<\/div>\n\t\t\t\t<\/div>\n\t\t\t\t\t<\/div>\n\t\t<\/div>\n\t\t\t\t\t<\/div>\n\t\t<\/section>\n\t\t\t\t<section class=\"elementor-section elementor-top-section elementor-element elementor-element-426d36f elementor-section-boxed elementor-section-height-default elementor-section-height-default\" data-id=\"426d36f\" data-element_type=\"section\" data-e-type=\"section\" data-settings=\"{&quot;background_background&quot;:&quot;classic&quot;}\">\n\t\t\t\t\t\t<div class=\"elementor-container elementor-column-gap-default\">\n\t\t\t\t\t<div class=\"elementor-column elementor-col-100 elementor-top-column elementor-element elementor-element-bd78be3\" data-id=\"bd78be3\" data-element_type=\"column\" data-e-type=\"column\">\n\t\t\t<div class=\"elementor-widget-wrap elementor-element-populated\">\n\t\t\t\t\t\t<div class=\"elementor-element elementor-element-7872fb0 elementor-widget elementor-widget-text-editor\" data-id=\"7872fb0\" data-element_type=\"widget\" data-e-type=\"widget\" data-widget_type=\"text-editor.default\">\n\t\t\t\t<div class=\"elementor-widget-container\">\n\t\t\t\t\t\t\t\t\t<p>For yderligere foresp\u00f8rgsler: <a href=\"https:\/\/www.join4joy.eu\/da\/kontakt\/\">Kontakt vores lokale repr\u00e6sentanter.<\/a><\/p><p>Og del dette kursus med andre fagfolk og studerende med interesse for sund aldring.<\/p>\t\t\t\t\t\t\t\t<\/div>\n\t\t\t\t<\/div>\n\t\t\t\t\t<\/div>\n\t\t<\/div>\n\t\t\t\t\t<\/div>\n\t\t<\/section>\n\t\t\t\t<\/div>\n\t\t","protected":false},"excerpt":{"rendered":"<p>Dette kursus er for dig, hvis du har en tidligere uddannelse eller erfaring med at arbejde med \u00e6ldre. Det henvender sig is\u00e6r til kandidater i sundheds- eller idr\u00e6tsvidenskab, men ogs\u00e5 til sygeplejersker, sygehj\u00e6lpere, ergoterapeuter, fysiske tr\u00e6nere og studerende, der \u00f8nsker at f\u00e5 et bredere perspektiv p\u00e5 PA-interventioner med \u00e6ldre. Hvad best\u00e5r JOIN4JOY online-uddannelsen af? Kurset [&hellip;]<\/p>\n","protected":false},"author":8,"featured_media":0,"parent":0,"menu_order":0,"comment_status":"closed","ping_status":"closed","template":"","meta":{"_monsterinsights_skip_tracking":false,"_monsterinsights_sitenote_active":false,"_monsterinsights_sitenote_note":"","_monsterinsights_sitenote_category":0,"footnotes":""},"class_list":["post-3486","page","type-page","status-publish","hentry"],"_links":{"self":[{"href":"https:\/\/www.join4joy.eu\/da\/wp-json\/wp\/v2\/pages\/3486","targetHints":{"allow":["GET"]}}],"collection":[{"href":"https:\/\/www.join4joy.eu\/da\/wp-json\/wp\/v2\/pages"}],"about":[{"href":"https:\/\/www.join4joy.eu\/da\/wp-json\/wp\/v2\/types\/page"}],"author":[{"embeddable":true,"href":"https:\/\/www.join4joy.eu\/da\/wp-json\/wp\/v2\/users\/8"}],"replies":[{"embeddable":true,"href":"https:\/\/www.join4joy.eu\/da\/wp-json\/wp\/v2\/comments?post=3486"}],"version-history":[{"count":17,"href":"https:\/\/www.join4joy.eu\/da\/wp-json\/wp\/v2\/pages\/3486\/revisions"}],"predecessor-version":[{"id":3732,"href":"https:\/\/www.join4joy.eu\/da\/wp-json\/wp\/v2\/pages\/3486\/revisions\/3732"}],"wp:attachment":[{"href":"https:\/\/www.join4joy.eu\/da\/wp-json\/wp\/v2\/media?parent=3486"}],"curies":[{"name":"wp","href":"https:\/\/api.w.org\/{rel}","templated":true}]}}