{"id":2315,"date":"2019-12-02T09:32:22","date_gmt":"2019-12-02T08:32:22","guid":{"rendered":"https:\/\/www.join4joy.eu\/projektet\/"},"modified":"2025-03-27T09:10:07","modified_gmt":"2025-03-27T08:10:07","slug":"projektet","status":"publish","type":"page","link":"https:\/\/www.join4joy.eu\/da\/projektet\/","title":{"rendered":"Projektet"},"content":{"rendered":"\t\t<div data-elementor-type=\"wp-page\" data-elementor-id=\"2315\" class=\"elementor elementor-2315 elementor-21\" data-elementor-settings=\"{&quot;element_pack_global_tooltip_width&quot;:{&quot;unit&quot;:&quot;px&quot;,&quot;size&quot;:&quot;&quot;,&quot;sizes&quot;:[]},&quot;element_pack_global_tooltip_width_tablet&quot;:{&quot;unit&quot;:&quot;px&quot;,&quot;size&quot;:&quot;&quot;,&quot;sizes&quot;:[]},&quot;element_pack_global_tooltip_width_mobile&quot;:{&quot;unit&quot;:&quot;px&quot;,&quot;size&quot;:&quot;&quot;,&quot;sizes&quot;:[]},&quot;element_pack_global_tooltip_padding&quot;:{&quot;unit&quot;:&quot;px&quot;,&quot;top&quot;:&quot;&quot;,&quot;right&quot;:&quot;&quot;,&quot;bottom&quot;:&quot;&quot;,&quot;left&quot;:&quot;&quot;,&quot;isLinked&quot;:true},&quot;element_pack_global_tooltip_padding_tablet&quot;:{&quot;unit&quot;:&quot;px&quot;,&quot;top&quot;:&quot;&quot;,&quot;right&quot;:&quot;&quot;,&quot;bottom&quot;:&quot;&quot;,&quot;left&quot;:&quot;&quot;,&quot;isLinked&quot;:true},&quot;element_pack_global_tooltip_padding_mobile&quot;:{&quot;unit&quot;:&quot;px&quot;,&quot;top&quot;:&quot;&quot;,&quot;right&quot;:&quot;&quot;,&quot;bottom&quot;:&quot;&quot;,&quot;left&quot;:&quot;&quot;,&quot;isLinked&quot;:true},&quot;element_pack_global_tooltip_border_radius&quot;:{&quot;unit&quot;:&quot;px&quot;,&quot;top&quot;:&quot;&quot;,&quot;right&quot;:&quot;&quot;,&quot;bottom&quot;:&quot;&quot;,&quot;left&quot;:&quot;&quot;,&quot;isLinked&quot;:true},&quot;element_pack_global_tooltip_border_radius_tablet&quot;:{&quot;unit&quot;:&quot;px&quot;,&quot;top&quot;:&quot;&quot;,&quot;right&quot;:&quot;&quot;,&quot;bottom&quot;:&quot;&quot;,&quot;left&quot;:&quot;&quot;,&quot;isLinked&quot;:true},&quot;element_pack_global_tooltip_border_radius_mobile&quot;:{&quot;unit&quot;:&quot;px&quot;,&quot;top&quot;:&quot;&quot;,&quot;right&quot;:&quot;&quot;,&quot;bottom&quot;:&quot;&quot;,&quot;left&quot;:&quot;&quot;,&quot;isLinked&quot;:true}}\" data-elementor-post-type=\"page\">\n\t\t\t\t\t\t<section class=\"elementor-section elementor-top-section elementor-element elementor-element-3b5371a elementor-section-boxed elementor-section-height-default elementor-section-height-default\" data-id=\"3b5371a\" data-element_type=\"section\" data-e-type=\"section\" data-settings=\"{&quot;background_background&quot;:&quot;classic&quot;}\">\n\t\t\t\t\t\t<div class=\"elementor-container elementor-column-gap-no\">\n\t\t\t\t\t<div class=\"elementor-column elementor-col-100 elementor-top-column elementor-element elementor-element-7c88122\" data-id=\"7c88122\" data-element_type=\"column\" data-e-type=\"column\" data-settings=\"{&quot;background_background&quot;:&quot;classic&quot;}\">\n\t\t\t<div class=\"elementor-widget-wrap elementor-element-populated\">\n\t\t\t\t\t\t\t<\/div>\n\t\t<\/div>\n\t\t\t\t\t<\/div>\n\t\t<\/section>\n\t\t\t\t<section class=\"elementor-section elementor-top-section elementor-element elementor-element-2f21aff elementor-section-boxed elementor-section-height-default elementor-section-height-default\" data-id=\"2f21aff\" data-element_type=\"section\" data-e-type=\"section\" data-settings=\"{&quot;background_background&quot;:&quot;classic&quot;,&quot;shape_divider_top&quot;:&quot;book&quot;}\">\n\t\t\t\t\t<div class=\"elementor-shape elementor-shape-top\" aria-hidden=\"true\" data-negative=\"false\">\n\t\t\t<svg xmlns=\"http:\/\/www.w3.org\/2000\/svg\" viewBox=\"0 0 1000 100\" preserveAspectRatio=\"none\">\n\t<path class=\"elementor-shape-fill\" d=\"M194,99c186.7,0.7,305-78.3,306-97.2c1,18.9,119.3,97.9,306,97.2c114.3-0.3,194,0.3,194,0.3s0-91.7,0-100c0,0,0,0,0-0 L0,0v99.3C0,99.3,79.7,98.7,194,99z\"\/>\n<\/svg>\t\t<\/div>\n\t\t\t\t\t<div class=\"elementor-container elementor-column-gap-default\">\n\t\t\t\t\t<div class=\"elementor-column elementor-col-100 elementor-top-column elementor-element elementor-element-d8d0804\" data-id=\"d8d0804\" data-element_type=\"column\" data-e-type=\"column\">\n\t\t\t<div class=\"elementor-widget-wrap elementor-element-populated\">\n\t\t\t\t\t\t<div class=\"elementor-element elementor-element-8a3260f elementor-widget elementor-widget-text-editor\" data-id=\"8a3260f\" data-element_type=\"widget\" data-e-type=\"widget\" data-widget_type=\"text-editor.default\">\n\t\t\t\t<div class=\"elementor-widget-container\">\n\t\t\t\t\t\t\t\t\t<p><strong>JOIN4JOY<\/strong>-projektet har til form\u00e5l at fremme fysisk aktivitet (PA) blandt \u00e6ldre med f\u00e6rre muligheder for at deltage ved at tilpasse programmerne til deres specifikke behov. Gennem en omfattende, nydelsesbaseret strategi fors\u00f8ger vi at overvinde barrierer og sikre lige adgang til motion, hvilket i sidste ende forbedrer deres livskvalitet ud fra et biopsykosocialt og inkluderende perspektiv. <\/p>\n<p><strong>Hvem er JOIN4JOY for?<\/strong><\/p>\n<ul>\n<li>I<strong>ntervention<\/strong>: \u00c6ldre (65+), der bor i lokalsamfundet med socio\u00f8konomiske eller sociale udfordringer (<em>Join4Joy-Comm<\/em>) og dem, der bor p\u00e5 plejehjem (J<em>oin4Joy-NH<\/em>).<\/li>\n<li><strong>Uddannelse<\/strong>: Sundheds- og tr\u00e6ningspersonale samt studerende, der uddanner sig inden for disse omr\u00e5der.<\/li>\n<\/ul>\n<p><strong>Strategi og aktiviteter<\/strong><\/p>\n<p>Projektet blev gennemf\u00f8rt i forskellige faser for at sikre dets gennemslagskraft og b\u00e6redygtighed:<\/p>\n<ul>\n<li><strong>Samskabelse<\/strong>: En samarbejdsproces, der involverer \u00e6ldre, fagfolk, uformelle omsorgspersoner, forskere og studerende for at designe et program, der er skr\u00e6ddersyet til deres behov.<\/li>\n<li><strong>Indledende tr\u00e6ning<\/strong>: Alle facilitatorer og studentermedhj\u00e6lpere blev uddannet i Join4Joy-tilgangen for at fremme mere individualiserede, inkluderende og forn\u00f8jelige interventioner.<\/li>\n<li><strong>Pilotstudier 1 og 2<\/strong>: Join4Joy-tilgangen blev testet i forskellige europ\u00e6iske sammenh\u00e6nge, hvor de vigtigste erfaringer blev integreret og tilpasset lokale forhold. Pilotstudierne havde til form\u00e5l at vurdere gennemf\u00f8rligheden og blev evalueret ved hj\u00e6lp af en blandet metode, herunder b\u00e5de kvantitative og kvalitative analyser. F\u00e5 mere at vide om <a href=\"https:\/\/bmjopen.bmj.com\/content\/14\/7\/e083291\">Join4Joy-projektets metodologiske protokol<\/a>.  <\/li>\n<li><strong>Kaskade-tr\u00e6ning<\/strong>: Som et resultat af samskabelsesprocessen og videnskabelig evidens tilbyder projektet <strong>Join4Joy Educational Training<\/strong>, et gratis onlinekursus. Enhver professionel eller studerende, der er interesseret i aktiv aldring, kan anmode om adgang. <strong>Kursets varighed<\/strong>: 2 timer, opdelt i korte moduler p\u00e5 5-10 minutter. Klik p\u00e5 linket for mere information.  <\/li>\n<li><strong>Virtuelle praksisf\u00e6llesskaber (VCoPs)<\/strong>: Digitale rum, hvor fagfolk, studerende og deltagere kan dele viden og erfaringer.<\/li>\n<\/ul>\n<p>Projektets effekt vil blive vurderet p\u00e5 europ\u00e6isk plan for at sikre, at det kan gentages og skaleres, og for at fremme st\u00f8rre lighed i adgangen til fysisk aktivitet for \u00e6ldre voksne.<\/p>\n\t\t\t\t\t\t\t\t<\/div>\n\t\t\t\t<\/div>\n\t\t\t\t\t<\/div>\n\t\t<\/div>\n\t\t\t\t\t<\/div>\n\t\t<\/section>\n\t\t\t\t<\/div>\n\t\t","protected":false},"excerpt":{"rendered":"<p>JOIN4JOY-projektet har til form\u00e5l at fremme fysisk aktivitet (PA) blandt \u00e6ldre med f\u00e6rre muligheder for at deltage ved at tilpasse programmerne til deres specifikke behov. Gennem en omfattende, nydelsesbaseret strategi fors\u00f8ger vi at overvinde barrierer og sikre lige adgang til motion, hvilket i sidste ende forbedrer deres livskvalitet ud fra et biopsykosocialt og inkluderende perspektiv. [&hellip;]<\/p>\n","protected":false},"author":4,"featured_media":0,"parent":0,"menu_order":0,"comment_status":"closed","ping_status":"closed","template":"","meta":{"_monsterinsights_skip_tracking":false,"_monsterinsights_sitenote_active":false,"_monsterinsights_sitenote_note":"","_monsterinsights_sitenote_category":0,"footnotes":""},"class_list":["post-2315","page","type-page","status-publish","hentry"],"_links":{"self":[{"href":"https:\/\/www.join4joy.eu\/da\/wp-json\/wp\/v2\/pages\/2315","targetHints":{"allow":["GET"]}}],"collection":[{"href":"https:\/\/www.join4joy.eu\/da\/wp-json\/wp\/v2\/pages"}],"about":[{"href":"https:\/\/www.join4joy.eu\/da\/wp-json\/wp\/v2\/types\/page"}],"author":[{"embeddable":true,"href":"https:\/\/www.join4joy.eu\/da\/wp-json\/wp\/v2\/users\/4"}],"replies":[{"embeddable":true,"href":"https:\/\/www.join4joy.eu\/da\/wp-json\/wp\/v2\/comments?post=2315"}],"version-history":[{"count":14,"href":"https:\/\/www.join4joy.eu\/da\/wp-json\/wp\/v2\/pages\/2315\/revisions"}],"predecessor-version":[{"id":3460,"href":"https:\/\/www.join4joy.eu\/da\/wp-json\/wp\/v2\/pages\/2315\/revisions\/3460"}],"wp:attachment":[{"href":"https:\/\/www.join4joy.eu\/da\/wp-json\/wp\/v2\/media?parent=2315"}],"curies":[{"name":"wp","href":"https:\/\/api.w.org\/{rel}","templated":true}]}}